{"id":13526,"date":"2023-11-09T16:33:37","date_gmt":"2023-11-09T15:33:37","guid":{"rendered":"https:\/\/nervionoffshore.com\/contacto\/"},"modified":"2025-10-21T13:41:54","modified_gmt":"2025-10-21T11:41:54","slug":"contact","status":"publish","type":"page","link":"https:\/\/windwaves.com\/en\/contact\/","title":{"rendered":"Contact"},"content":{"rendered":"\t\t<div data-elementor-type=\"wp-page\" data-elementor-id=\"13526\" class=\"elementor elementor-13526\" data-elementor-post-type=\"page\">\n\t\t\t\t\t\t<section class=\"elementor-section elementor-top-section elementor-element elementor-element-6956104 wrapper-wide section-normal elementor-section-boxed elementor-section-height-default elementor-section-height-default default\" data-id=\"6956104\" data-element_type=\"section\" data-e-type=\"section\">\n\t\t\t\t\t\t<div class=\"elementor-container elementor-column-gap-default\">\n\t\t\t\t\t<div class=\"elementor-column elementor-col-100 elementor-top-column elementor-element elementor-element-99ead11\" data-id=\"99ead11\" data-element_type=\"column\" data-e-type=\"column\">\n\t\t\t<div class=\"elementor-widget-wrap elementor-element-populated\">\n\t\t\t\t\t\t<div class=\"elementor-element elementor-element-f17b305 elementor-widget elementor-widget-naylaheading\" data-id=\"f17b305\" data-element_type=\"widget\" data-e-type=\"widget\" data-widget_type=\"naylaheading.default\">\n\t\t\t\t<div class=\"elementor-widget-container\">\n\t\t\t\t\t\n<div class=\"text-wrapper\">\n\n\n    <h1  class=\"left has-anim-text charsUp  \" data-stagger=\"0.03\" data-duration=\"1.5\"data-delay=\"0\"data-scrub=\"false\" data-pin=\"false\">\n        \n                \n        Contact\n<\/h1>\n\n\n<\/div>\n\n\n\t\t\t\t<\/div>\n\t\t\t\t<\/div>\n\t\t\t\t<div class=\"elementor-element elementor-element-3e93498 elementor-widget elementor-widget-naylatextwrapper\" data-id=\"3e93498\" data-element_type=\"widget\" data-e-type=\"widget\" data-widget_type=\"naylatextwrapper.default\">\n\t\t\t\t<div class=\"elementor-widget-container\">\n\t\t\t\t\t\n\n\n<div class=\"text-wrapper  \">\n\n    <p class=\"has-anim-text wordsUp  text-h6  false\" data-stagger=\"0.03\" data-duration=\"1.5\"data-delay=\"0\"data-scrub=\"false\" data-pin=\"false\"> \nContact us today to explore how we can be your partner on cutting-edge marine projects and maritime structures.<\/p>\n\n\n<\/div>\n\n\n\t\t\t\t<\/div>\n\t\t\t\t<\/div>\n\t\t\t\t<section class=\"elementor-section elementor-inner-section elementor-element elementor-element-a62c851 wrapper-wide section-normal elementor-section-boxed elementor-section-height-default elementor-section-height-default default\" data-id=\"a62c851\" data-element_type=\"section\" data-e-type=\"section\">\n\t\t\t\t\t\t<div class=\"elementor-container elementor-column-gap-default\">\n\t\t\t\t\t<div class=\"elementor-column elementor-col-50 elementor-inner-column elementor-element elementor-element-128e328\" data-id=\"128e328\" data-element_type=\"column\" data-e-type=\"column\">\n\t\t\t<div class=\"elementor-widget-wrap elementor-element-populated\">\n\t\t\t\t\t\t<div class=\"elementor-element elementor-element-13495c1 elementor-widget elementor-widget-naylatextwrapper\" data-id=\"13495c1\" data-element_type=\"widget\" data-e-type=\"widget\" data-widget_type=\"naylatextwrapper.default\">\n\t\t\t\t<div class=\"elementor-widget-container\">\n\t\t\t\t\t\n\n\n<div class=\"text-wrapper  \">\n\n    <p class=\"has-anim-text wordsUp  text-h6  false\" data-stagger=\"0.03\" data-duration=\"1.5\"data-delay=\"0\"data-scrub=\"false\" data-pin=\"false\"> <a href=\"https:\/\/maps.app.goo.gl\/kKc6N6iUwqM28r4Z6\">Address<\/a>\n<br>\n<br>\nCalle Vicente Risco 1\n<br>\nEsquina Otero Pedrayo 1. 15570, Nar\u00f3n (A Coru\u00f1a)<\/p>\n\n\n<\/div>\n\n\n\t\t\t\t<\/div>\n\t\t\t\t<\/div>\n\t\t\t\t\t<\/div>\n\t\t<\/div>\n\t\t\t\t<div class=\"elementor-column elementor-col-50 elementor-inner-column elementor-element elementor-element-8a387bf\" data-id=\"8a387bf\" data-element_type=\"column\" data-e-type=\"column\">\n\t\t\t<div class=\"elementor-widget-wrap elementor-element-populated\">\n\t\t\t\t\t\t<div class=\"elementor-element elementor-element-9127aff elementor-widget elementor-widget-naylatextwrapper\" data-id=\"9127aff\" data-element_type=\"widget\" data-e-type=\"widget\" data-widget_type=\"naylatextwrapper.default\">\n\t\t\t\t<div class=\"elementor-widget-container\">\n\t\t\t\t\t\n\n\n<div class=\"text-wrapper  \">\n\n    <p class=\"has-anim-text wordsUp  text-h6  false\" data-stagger=\"0.03\" data-duration=\"1.5\"data-delay=\"0\"data-scrub=\"false\" data-pin=\"false\"> <a href=\"#.\">Phone \/ Email<\/a>\n<br>\n<br>\n+34 981 290 400\n<br>\n<br><a href=\"mailto:comunicacion@windwaves.com\">comunicacion@windwaves.com<\/a><\/p>\n\n\n<\/div>\n\n\n\t\t\t\t<\/div>\n\t\t\t\t<\/div>\n\t\t\t\t\t<\/div>\n\t\t<\/div>\n\t\t\t\t\t<\/div>\n\t\t<\/section>\n\t\t\t\t\t<\/div>\n\t\t<\/div>\n\t\t\t\t\t<\/div>\n\t\t<\/section>\n\t\t\t\t<section class=\"elementor-section elementor-top-section elementor-element elementor-element-6f4b934 wrapper-wide section-normal elementor-section-boxed elementor-section-height-default elementor-section-height-default default\" data-id=\"6f4b934\" data-element_type=\"section\" data-e-type=\"section\">\n\t\t\t\t\t\t<div class=\"elementor-container elementor-column-gap-default\">\n\t\t\t\t\t<div class=\"elementor-column elementor-col-25 elementor-top-column elementor-element elementor-element-de25863\" data-id=\"de25863\" data-element_type=\"column\" data-e-type=\"column\">\n\t\t\t<div class=\"elementor-widget-wrap\">\n\t\t\t\t\t\t\t<\/div>\n\t\t<\/div>\n\t\t\t\t<div class=\"has-anim fadeIn elementor-column elementor-col-25 elementor-top-column elementor-element elementor-element-a4a3602\" data-duration=\"1\" data-delay=\"0\" data-scrub=\"false\" data-pin=\"false\" data-out=\"false\" data-start=\"1.5\" data-origin=\"top center\" data-id=\"a4a3602\" data-element_type=\"column\" data-e-type=\"column\">\n\t\t\t<div class=\"elementor-widget-wrap elementor-element-populated\">\n\t\t\t\t\t\t<div class=\"elementor-element elementor-element-fb8afaf elementor-widget elementor-widget-naylatextwrapper\" data-id=\"fb8afaf\" data-element_type=\"widget\" data-e-type=\"widget\" data-widget_type=\"naylatextwrapper.default\">\n\t\t\t\t<div class=\"elementor-widget-container\">\n\t\t\t\t\t\n\n\n<div class=\"text-wrapper no-margin \">\n\n    <p class=\"  text-h4  false\" data-stagger=\"0.1\" data-duration=\"1.5\"data-delay=\"0\"data-scrub=\"false\" data-pin=\"false\"> Inquiries<\/p>\n\n\n<\/div>\n\n\n\t\t\t\t<\/div>\n\t\t\t\t<\/div>\n\t\t\t\t<div class=\"elementor-element elementor-element-86db8fb elementor-button-align-start elementor-widget elementor-widget-form\" data-id=\"86db8fb\" data-element_type=\"widget\" data-e-type=\"widget\" data-settings=\"{&quot;step_next_label&quot;:&quot;Siguiente&quot;,&quot;step_previous_label&quot;:&quot;Anterior&quot;,&quot;button_width&quot;:&quot;100&quot;,&quot;step_type&quot;:&quot;number_text&quot;,&quot;step_icon_shape&quot;:&quot;circle&quot;}\" data-widget_type=\"form.default\">\n\t\t\t\t<div class=\"elementor-widget-container\">\n\t\t\t\t\t\t\t<form class=\"elementor-form\" method=\"post\" name=\"Contacto - EN\" aria-label=\"Contacto - EN\">\n\t\t\t<input type=\"hidden\" name=\"post_id\" value=\"13526\"\/>\n\t\t\t<input type=\"hidden\" name=\"form_id\" value=\"86db8fb\"\/>\n\t\t\t<input type=\"hidden\" name=\"referer_title\" value=\"Contact - WindWaves\" \/>\n\n\t\t\t\t\t\t\t<input type=\"hidden\" name=\"queried_id\" value=\"13526\"\/>\n\t\t\t\n\t\t\t<div class=\"elementor-form-fields-wrapper elementor-labels-\">\n\t\t\t\t\t\t\t\t<div class=\"elementor-field-type-text elementor-field-group elementor-column elementor-field-group-name elementor-col-100 elementor-field-required\">\n\t\t\t\t\t\t\t\t\t\t\t\t<label for=\"form-field-name\" class=\"elementor-field-label elementor-screen-only\">\n\t\t\t\t\t\t\t\tCompany Name\t\t\t\t\t\t\t<\/label>\n\t\t\t\t\t\t\t\t\t\t\t\t\t\t<input size=\"1\" type=\"text\" name=\"form_fields[name]\" id=\"form-field-name\" class=\"elementor-field elementor-size-md  elementor-field-textual\" placeholder=\"Company Name*\" required=\"required\">\n\t\t\t\t\t\t\t\t\t\t\t<\/div>\n\t\t\t\t\t\t\t\t<div class=\"elementor-field-type-text elementor-field-group elementor-column elementor-field-group-field_d742ec7 elementor-col-100 elementor-field-required\">\n\t\t\t\t\t\t\t\t\t\t\t\t<label for=\"form-field-field_d742ec7\" class=\"elementor-field-label elementor-screen-only\">\n\t\t\t\t\t\t\t\tYour Name\t\t\t\t\t\t\t<\/label>\n\t\t\t\t\t\t\t\t\t\t\t\t\t\t<input size=\"1\" type=\"text\" name=\"form_fields[field_d742ec7]\" id=\"form-field-field_d742ec7\" class=\"elementor-field elementor-size-md  elementor-field-textual\" placeholder=\"Your Name*\" required=\"required\">\n\t\t\t\t\t\t\t\t\t\t\t<\/div>\n\t\t\t\t\t\t\t\t<div class=\"elementor-field-type-tel elementor-field-group elementor-column elementor-field-group-field_91610d0 elementor-col-100\">\n\t\t\t\t\t\t\t\t\t\t\t\t<label for=\"form-field-field_91610d0\" class=\"elementor-field-label elementor-screen-only\">\n\t\t\t\t\t\t\t\tPhone Number\t\t\t\t\t\t\t<\/label>\n\t\t\t\t\t\t\t\t<input size=\"1\" type=\"tel\" name=\"form_fields[field_91610d0]\" id=\"form-field-field_91610d0\" class=\"elementor-field elementor-size-md  elementor-field-textual\" placeholder=\"Phone Number\" pattern=\"[0-9()#&amp;+*-=.]+\" title=\"Only numbers and phone characters (#, -, *, etc) are accepted.\">\n\n\t\t\t\t\t\t<\/div>\n\t\t\t\t\t\t\t\t<div class=\"elementor-field-type-email elementor-field-group elementor-column elementor-field-group-field_d9868c4 elementor-col-100 elementor-field-required\">\n\t\t\t\t\t\t\t\t\t\t\t\t<label for=\"form-field-field_d9868c4\" class=\"elementor-field-label elementor-screen-only\">\n\t\t\t\t\t\t\t\tE-mail\t\t\t\t\t\t\t<\/label>\n\t\t\t\t\t\t\t\t\t\t\t\t\t\t<input size=\"1\" type=\"email\" name=\"form_fields[field_d9868c4]\" id=\"form-field-field_d9868c4\" class=\"elementor-field elementor-size-md  elementor-field-textual\" placeholder=\"E-mail*\" required=\"required\">\n\t\t\t\t\t\t\t\t\t\t\t<\/div>\n\t\t\t\t\t\t\t\t<div class=\"elementor-field-type-text elementor-field-group elementor-column elementor-field-group-field_6c22001 elementor-col-100 elementor-field-required\">\n\t\t\t\t\t\t\t\t\t\t\t\t<label for=\"form-field-field_6c22001\" class=\"elementor-field-label elementor-screen-only\">\n\t\t\t\t\t\t\t\tSubject\t\t\t\t\t\t\t<\/label>\n\t\t\t\t\t\t\t\t\t\t\t\t\t\t<input size=\"1\" type=\"text\" name=\"form_fields[field_6c22001]\" id=\"form-field-field_6c22001\" class=\"elementor-field elementor-size-md  elementor-field-textual\" placeholder=\"Subject*\" required=\"required\">\n\t\t\t\t\t\t\t\t\t\t\t<\/div>\n\t\t\t\t\t\t\t\t<div class=\"elementor-field-type-textarea elementor-field-group elementor-column elementor-field-group-field_d6a072d elementor-col-100 elementor-field-required\">\n\t\t\t\t\t\t\t\t\t\t\t\t<label for=\"form-field-field_d6a072d\" class=\"elementor-field-label elementor-screen-only\">\n\t\t\t\t\t\t\t\tYour message\t\t\t\t\t\t\t<\/label>\n\t\t\t\t\t\t<textarea class=\"elementor-field-textual elementor-field  elementor-size-md\" name=\"form_fields[field_d6a072d]\" id=\"form-field-field_d6a072d\" rows=\"4\" placeholder=\"Your message*\" required=\"required\"><\/textarea>\t\t\t\t<\/div>\n\t\t\t\t\t\t\t\t<div class=\"elementor-field-type-recaptcha elementor-field-group elementor-column elementor-field-group-field_05b1a08 elementor-col-100\">\n\t\t\t\t\t<div class=\"elementor-field\" id=\"form-field-field_05b1a08\"><div class=\"elementor-g-recaptcha\" data-sitekey=\"6LcmCZMqAAAAADA4GRJzUtJTW30Vbcw_NOiGDS68\" data-type=\"v2_checkbox\" data-theme=\"dark\" data-size=\"normal\"><\/div><\/div>\t\t\t\t<\/div>\n\t\t\t\t\t\t\t\t<div class=\"elementor-field-type-html elementor-field-group elementor-column elementor-field-group-field_0938aa4 elementor-col-100\">\n\t\t\t\t\tThe personal data provided in this form will be processed by OFFSHORE WINDWAVES S.L.U. for the purpose of contacting you to respond to the query made, to send you, where appropriate, the requested information and to keep a statistical record of queries.\n<p>\nYou can exercise your rights of access, rectification, erasure, objection, restriction and portability at any time by writing to <a href=\u201cmailto:protecciondedatos@grupoamper.com\u201d> protecciondedatos@grupoamper.com<\/a>, subject to proof of identity. For more information, see our <a href=https:\/\/windwaves.com\/en\/privacy-policy\/\"> Privacy Policy<\/a>.<\/p>\t\t\t\t<\/div>\n\t\t\t\t\t\t\t\t<div class=\"elementor-field-group elementor-column elementor-field-type-submit elementor-col-100 e-form__buttons\">\n\t\t\t\t\t<button class=\"elementor-button elementor-size-sm\" type=\"submit\">\n\t\t\t\t\t\t<span class=\"elementor-button-content-wrapper\">\n\t\t\t\t\t\t\t\t\t\t\t\t\t\t\t\t\t\t\t\t\t\t<span class=\"elementor-button-text\">Submit<\/span>\n\t\t\t\t\t\t\t\t\t\t\t\t\t<\/span>\n\t\t\t\t\t<\/button>\n\t\t\t\t<\/div>\n\t\t\t<\/div>\n\t\t<\/form>\n\t\t\t\t\t\t<\/div>\n\t\t\t\t<\/div>\n\t\t\t\t\t<\/div>\n\t\t<\/div>\n\t\t\t\t<div class=\"elementor-column elementor-col-50 elementor-top-column elementor-element elementor-element-fb63f60\" data-id=\"fb63f60\" data-element_type=\"column\" data-e-type=\"column\">\n\t\t\t<div class=\"elementor-widget-wrap\">\n\t\t\t\t\t\t\t<\/div>\n\t\t<\/div>\n\t\t\t\t\t<\/div>\n\t\t<\/section>\n\t\t\t\t<section class=\"elementor-section elementor-top-section elementor-element elementor-element-2793a40 wrapper-wide section-normal elementor-section-boxed elementor-section-height-default elementor-section-height-default default\" data-id=\"2793a40\" data-element_type=\"section\" data-e-type=\"section\">\n\t\t\t\t\t\t<div class=\"elementor-container elementor-column-gap-default\">\n\t\t\t\t\t<div class=\"elementor-column elementor-col-100 elementor-top-column elementor-element elementor-element-176c11d\" data-id=\"176c11d\" data-element_type=\"column\" data-e-type=\"column\">\n\t\t\t<div class=\"elementor-widget-wrap elementor-element-populated\">\n\t\t\t\t\t\t<div class=\"elementor-element elementor-element-4a10bd7 elementor-widget elementor-widget-naylamarquee\" data-id=\"4a10bd7\" data-element_type=\"widget\" data-e-type=\"widget\" data-widget_type=\"naylamarquee.default\">\n\t\t\t\t<div class=\"elementor-widget-container\">\n\t\t\t\t\t\n\n<a href=\"https:\/\/windwaves.com\/en\/services\/\" target=\"_blank\" rel=\"nofollow\">\n        <div class=\"nayla-marquee  left-to-right   cursor-default icon_font\" data-duration=10 data-sepduration=10 >\n\n\n\n        <h2 class=\"\">Services<\/h2>\n        <div class=\"seperator \"> \n\n            \n            <i aria-hidden=\"true\" class=\"material-icons md-arrow_outward\" data-md-icon=\"arrow_outward\"><\/i>\n            \n\n\n\n        <\/div>\n\n\n\n    <\/div>\n    <\/a>\n    \t\t\t\t<\/div>\n\t\t\t\t<\/div>\n\t\t\t\t\t<\/div>\n\t\t<\/div>\n\t\t\t\t\t<\/div>\n\t\t<\/section>\n\t\t\t\t<\/div>\n\t\t","protected":false},"excerpt":{"rendered":"<p>Contact Contact us today to explore how we can be your partner on cutting-edge marine projects and maritime structures. Address Calle Vicente Risco 1 Esquina Otero Pedrayo 1. 15570, Nar\u00f3n [&hellip;]<\/p>\n","protected":false},"author":1,"featured_media":0,"parent":0,"menu_order":0,"comment_status":"closed","ping_status":"closed","template":"","meta":{"_acf_changed":false,"_monsterinsights_skip_tracking":false,"_monsterinsights_sitenote_active":false,"_monsterinsights_sitenote_note":"","_monsterinsights_sitenote_category":0,"footnotes":""},"class_list":["post-13526","page","type-page","status-publish","hentry"],"acf":[],"yoast_head":"<!-- This site is optimized with the Yoast SEO plugin v27.4 - https:\/\/yoast.com\/product\/yoast-seo-wordpress\/ -->\n<title>Contact - WindWaves<\/title>\n<meta name=\"robots\" content=\"index, follow, max-snippet:-1, max-image-preview:large, max-video-preview:-1\" \/>\n<link rel=\"canonical\" href=\"https:\/\/windwaves.com\/contacto\/\" \/>\n<meta property=\"og:locale\" content=\"en_US\" \/>\n<meta property=\"og:type\" content=\"article\" \/>\n<meta property=\"og:title\" content=\"Contact - WindWaves\" \/>\n<meta property=\"og:description\" content=\"Contact Contact us today to explore how we can be your partner on cutting-edge marine projects and maritime structures. Address Calle Vicente Risco 1 Esquina Otero Pedrayo 1. 15570, Nar\u00f3n [&hellip;]\" \/>\n<meta property=\"og:url\" content=\"https:\/\/windwaves.com\/contacto\/\" \/>\n<meta property=\"og:site_name\" content=\"WindWaves\" \/>\n<meta property=\"article:modified_time\" content=\"2025-10-21T11:41:54+00:00\" \/>\n<meta name=\"twitter:card\" content=\"summary_large_image\" \/>\n<meta name=\"twitter:label1\" content=\"Est. reading time\" \/>\n\t<meta name=\"twitter:data1\" content=\"1 minute\" \/>\n<script type=\"application\/ld+json\" class=\"yoast-schema-graph\">{\"@context\":\"https:\\\/\\\/schema.org\",\"@graph\":[{\"@type\":\"WebPage\",\"@id\":\"https:\\\/\\\/windwaves.com\\\/contacto\\\/\",\"url\":\"https:\\\/\\\/windwaves.com\\\/contacto\\\/\",\"name\":\"Contact - WindWaves\",\"isPartOf\":{\"@id\":\"https:\\\/\\\/windwaves.com\\\/#website\"},\"datePublished\":\"2023-11-09T15:33:37+00:00\",\"dateModified\":\"2025-10-21T11:41:54+00:00\",\"breadcrumb\":{\"@id\":\"https:\\\/\\\/windwaves.com\\\/contacto\\\/#breadcrumb\"},\"inLanguage\":\"en-US\",\"potentialAction\":[{\"@type\":\"ReadAction\",\"target\":[\"https:\\\/\\\/windwaves.com\\\/contacto\\\/\"]}]},{\"@type\":\"BreadcrumbList\",\"@id\":\"https:\\\/\\\/windwaves.com\\\/contacto\\\/#breadcrumb\",\"itemListElement\":[{\"@type\":\"ListItem\",\"position\":1,\"name\":\"Portada\",\"item\":\"https:\\\/\\\/windwaves.com\\\/\"},{\"@type\":\"ListItem\",\"position\":2,\"name\":\"Contact\"}]},{\"@type\":\"WebSite\",\"@id\":\"https:\\\/\\\/windwaves.com\\\/#website\",\"url\":\"https:\\\/\\\/windwaves.com\\\/\",\"name\":\"WindWaves\",\"description\":\"L\u00edderes en la Fabricaci\u00f3n de Estructuras Fijas y Flotantes para la Energ\u00eda E\u00f3lica Marina\",\"publisher\":{\"@id\":\"https:\\\/\\\/windwaves.com\\\/#organization\"},\"potentialAction\":[{\"@type\":\"SearchAction\",\"target\":{\"@type\":\"EntryPoint\",\"urlTemplate\":\"https:\\\/\\\/windwaves.com\\\/?s={search_term_string}\"},\"query-input\":{\"@type\":\"PropertyValueSpecification\",\"valueRequired\":true,\"valueName\":\"search_term_string\"}}],\"inLanguage\":\"en-US\"},{\"@type\":\"Organization\",\"@id\":\"https:\\\/\\\/windwaves.com\\\/#organization\",\"name\":\"WindWves\",\"alternateName\":\"WindWaves S.L.U\",\"url\":\"https:\\\/\\\/windwaves.com\\\/\",\"logo\":{\"@type\":\"ImageObject\",\"inLanguage\":\"en-US\",\"@id\":\"https:\\\/\\\/windwaves.com\\\/#\\\/schema\\\/logo\\\/image\\\/\",\"url\":\"https:\\\/\\\/windwaves.com\\\/wp-content\\\/uploads\\\/2024\\\/06\\\/cropped-LOGO-WINDWAVES-VECTORIAL-2-2-2.png\",\"contentUrl\":\"https:\\\/\\\/windwaves.com\\\/wp-content\\\/uploads\\\/2024\\\/06\\\/cropped-LOGO-WINDWAVES-VECTORIAL-2-2-2.png\",\"width\":512,\"height\":512,\"caption\":\"WindWves\"},\"image\":{\"@id\":\"https:\\\/\\\/windwaves.com\\\/#\\\/schema\\\/logo\\\/image\\\/\"},\"sameAs\":[\"https:\\\/\\\/www.linkedin.com\\\/company\\\/windwaves\\\/\"]}]}<\/script>\n<!-- \/ Yoast SEO plugin. -->","yoast_head_json":{"title":"Contact - WindWaves","robots":{"index":"index","follow":"follow","max-snippet":"max-snippet:-1","max-image-preview":"max-image-preview:large","max-video-preview":"max-video-preview:-1"},"canonical":"https:\/\/windwaves.com\/contacto\/","og_locale":"en_US","og_type":"article","og_title":"Contact - WindWaves","og_description":"Contact Contact us today to explore how we can be your partner on cutting-edge marine projects and maritime structures. Address Calle Vicente Risco 1 Esquina Otero Pedrayo 1. 15570, Nar\u00f3n [&hellip;]","og_url":"https:\/\/windwaves.com\/contacto\/","og_site_name":"WindWaves","article_modified_time":"2025-10-21T11:41:54+00:00","twitter_card":"summary_large_image","twitter_misc":{"Est. reading time":"1 minute"},"schema":{"@context":"https:\/\/schema.org","@graph":[{"@type":"WebPage","@id":"https:\/\/windwaves.com\/contacto\/","url":"https:\/\/windwaves.com\/contacto\/","name":"Contact - WindWaves","isPartOf":{"@id":"https:\/\/windwaves.com\/#website"},"datePublished":"2023-11-09T15:33:37+00:00","dateModified":"2025-10-21T11:41:54+00:00","breadcrumb":{"@id":"https:\/\/windwaves.com\/contacto\/#breadcrumb"},"inLanguage":"en-US","potentialAction":[{"@type":"ReadAction","target":["https:\/\/windwaves.com\/contacto\/"]}]},{"@type":"BreadcrumbList","@id":"https:\/\/windwaves.com\/contacto\/#breadcrumb","itemListElement":[{"@type":"ListItem","position":1,"name":"Portada","item":"https:\/\/windwaves.com\/"},{"@type":"ListItem","position":2,"name":"Contact"}]},{"@type":"WebSite","@id":"https:\/\/windwaves.com\/#website","url":"https:\/\/windwaves.com\/","name":"WindWaves","description":"L\u00edderes en la Fabricaci\u00f3n de Estructuras Fijas y Flotantes para la Energ\u00eda E\u00f3lica Marina","publisher":{"@id":"https:\/\/windwaves.com\/#organization"},"potentialAction":[{"@type":"SearchAction","target":{"@type":"EntryPoint","urlTemplate":"https:\/\/windwaves.com\/?s={search_term_string}"},"query-input":{"@type":"PropertyValueSpecification","valueRequired":true,"valueName":"search_term_string"}}],"inLanguage":"en-US"},{"@type":"Organization","@id":"https:\/\/windwaves.com\/#organization","name":"WindWves","alternateName":"WindWaves S.L.U","url":"https:\/\/windwaves.com\/","logo":{"@type":"ImageObject","inLanguage":"en-US","@id":"https:\/\/windwaves.com\/#\/schema\/logo\/image\/","url":"https:\/\/windwaves.com\/wp-content\/uploads\/2024\/06\/cropped-LOGO-WINDWAVES-VECTORIAL-2-2-2.png","contentUrl":"https:\/\/windwaves.com\/wp-content\/uploads\/2024\/06\/cropped-LOGO-WINDWAVES-VECTORIAL-2-2-2.png","width":512,"height":512,"caption":"WindWves"},"image":{"@id":"https:\/\/windwaves.com\/#\/schema\/logo\/image\/"},"sameAs":["https:\/\/www.linkedin.com\/company\/windwaves\/"]}]}},"_links":{"self":[{"href":"https:\/\/windwaves.com\/en\/wp-json\/wp\/v2\/pages\/13526","targetHints":{"allow":["GET"]}}],"collection":[{"href":"https:\/\/windwaves.com\/en\/wp-json\/wp\/v2\/pages"}],"about":[{"href":"https:\/\/windwaves.com\/en\/wp-json\/wp\/v2\/types\/page"}],"author":[{"embeddable":true,"href":"https:\/\/windwaves.com\/en\/wp-json\/wp\/v2\/users\/1"}],"replies":[{"embeddable":true,"href":"https:\/\/windwaves.com\/en\/wp-json\/wp\/v2\/comments?post=13526"}],"version-history":[{"count":64,"href":"https:\/\/windwaves.com\/en\/wp-json\/wp\/v2\/pages\/13526\/revisions"}],"predecessor-version":[{"id":20714,"href":"https:\/\/windwaves.com\/en\/wp-json\/wp\/v2\/pages\/13526\/revisions\/20714"}],"wp:attachment":[{"href":"https:\/\/windwaves.com\/en\/wp-json\/wp\/v2\/media?parent=13526"}],"curies":[{"name":"wp","href":"https:\/\/api.w.org\/{rel}","templated":true}]}}