{"id":18598,"date":"2024-06-12T09:04:59","date_gmt":"2024-06-12T07:04:59","guid":{"rendered":"https:\/\/nervionoffshore.com\/aviso-legal\/"},"modified":"2024-10-04T09:35:06","modified_gmt":"2024-10-04T07:35:06","slug":"legal-notice","status":"publish","type":"page","link":"https:\/\/windwaves.com\/en\/legal-notice\/","title":{"rendered":"Legal Notice"},"content":{"rendered":"\t\t<div data-elementor-type=\"wp-page\" data-elementor-id=\"18598\" class=\"elementor elementor-18598\" data-elementor-post-type=\"page\">\n\t\t\t\t\t\t<section class=\"elementor-section elementor-top-section elementor-element elementor-element-c766534 elementor-section-content-space-between wrapper-wide section-normal elementor-section-boxed elementor-section-height-default elementor-section-height-default default\" data-id=\"c766534\" data-element_type=\"section\" data-e-type=\"section\">\n\t\t\t\t\t\t<div class=\"elementor-container elementor-column-gap-default\">\n\t\t\t\t\t<div class=\"elementor-column elementor-col-100 elementor-top-column elementor-element elementor-element-7f95f7a\" data-id=\"7f95f7a\" data-element_type=\"column\" data-e-type=\"column\">\n\t\t\t<div class=\"elementor-widget-wrap elementor-element-populated\">\n\t\t\t\t\t\t<section class=\"elementor-section elementor-inner-section elementor-element elementor-element-17e5e9a wrapper-wide section-normal elementor-section-boxed elementor-section-height-default elementor-section-height-default default\" data-id=\"17e5e9a\" data-element_type=\"section\" data-e-type=\"section\">\n\t\t\t\t\t\t<div class=\"elementor-container elementor-column-gap-default\">\n\t\t\t\t\t<div class=\"has-anim maskUp elementor-column elementor-col-100 elementor-inner-column elementor-element elementor-element-54e59a2\" data-duration=\"2\" data-delay=\"0\" data-scrub=\"false\" data-pin=\"false\" data-out=\"false\" data-start=\"1.5\" data-origin=\"top center\" data-id=\"54e59a2\" data-element_type=\"column\" data-e-type=\"column\">\n\t\t\t<div class=\"elementor-widget-wrap\">\n\t\t\t\t\t\t\t<\/div>\n\t\t<\/div>\n\t\t\t\t\t<\/div>\n\t\t<\/section>\n\t\t\t\t\t<\/div>\n\t\t<\/div>\n\t\t\t\t\t<\/div>\n\t\t<\/section>\n\t\t\t\t<section class=\"anim-bg elementor-section elementor-top-section elementor-element elementor-element-6a50cf1 light hidden-stgo wrapper-wide section-normal elementor-section-boxed elementor-section-height-default elementor-section-height-default\" data-id=\"6a50cf1\" data-element_type=\"section\" data-e-type=\"section\" data-settings=\"{&quot;background_background&quot;:&quot;classic&quot;}\">\n\t\t\t\t\t\t<div class=\"elementor-container elementor-column-gap-default\">\n\t\t\t\t\t<div class=\"elementor-column elementor-col-100 elementor-top-column elementor-element elementor-element-5eb92ca\" data-id=\"5eb92ca\" data-element_type=\"column\" data-e-type=\"column\">\n\t\t\t<div class=\"elementor-widget-wrap elementor-element-populated\">\n\t\t\t\t\t\t<section class=\"elementor-section elementor-inner-section elementor-element elementor-element-4731588 wrapper-wide section-normal elementor-section-boxed elementor-section-height-default elementor-section-height-default default\" data-id=\"4731588\" data-element_type=\"section\" data-e-type=\"section\">\n\t\t\t\t\t\t<div class=\"elementor-container elementor-column-gap-default\">\n\t\t\t\t\t<div class=\"elementor-column elementor-col-25 elementor-inner-column elementor-element elementor-element-800cf0a\" data-id=\"800cf0a\" data-element_type=\"column\" data-e-type=\"column\">\n\t\t\t<div class=\"elementor-widget-wrap elementor-element-populated\">\n\t\t\t\t\t\t<div class=\"elementor-element elementor-element-5812461 elementor-widget elementor-widget-naylaheading\" data-id=\"5812461\" data-element_type=\"widget\" data-e-type=\"widget\" data-widget_type=\"naylaheading.default\">\n\t\t\t\t<div class=\"elementor-widget-container\">\n\t\t\t\t\t\n<div class=\"text-wrapper\">\n\n\n    <h4  class=\"left   \" data-stagger=\"0.1\" data-duration=\"1.5\"data-delay=\"0\"data-scrub=\"false\" data-pin=\"false\">\n        \n                \n        Extensive Military Program Experience<\/h4>\n\n\n<\/div>\n\n\n\t\t\t\t<\/div>\n\t\t\t\t<\/div>\n\t\t\t\t<div class=\"elementor-element elementor-element-bc35c43 elementor-widget elementor-widget-naylatextwrapper\" data-id=\"bc35c43\" data-element_type=\"widget\" data-e-type=\"widget\" data-widget_type=\"naylatextwrapper.default\">\n\t\t\t\t<div class=\"elementor-widget-container\">\n\t\t\t\t\t\n\n\n<div class=\"text-wrapper  \">\n\n    <p class=\"  text-p  false\" data-stagger=\"0.1\" data-duration=\"1.5\"data-delay=\"0\"data-scrub=\"false\" data-pin=\"false\"> Nervi\u00f3n Naval-Offshore has a proven record of contributing to major military initiatives, showcasing their expertise in the defense sector.<\/p>\n\n\n<\/div>\n\n\n\t\t\t\t<\/div>\n\t\t\t\t<\/div>\n\t\t\t\t\t<\/div>\n\t\t<\/div>\n\t\t\t\t<div class=\"elementor-column elementor-col-25 elementor-inner-column elementor-element elementor-element-be8ed8a\" data-id=\"be8ed8a\" data-element_type=\"column\" data-e-type=\"column\">\n\t\t\t<div class=\"elementor-widget-wrap elementor-element-populated\">\n\t\t\t\t\t\t<div class=\"elementor-element elementor-element-4a8ef12 elementor-widget elementor-widget-naylaheading\" data-id=\"4a8ef12\" data-element_type=\"widget\" data-e-type=\"widget\" data-widget_type=\"naylaheading.default\">\n\t\t\t\t<div class=\"elementor-widget-container\">\n\t\t\t\t\t\n<div class=\"text-wrapper\">\n\n\n    <h4  class=\"left   \" data-stagger=\"0.1\" data-duration=\"1.5\"data-delay=\"0\"data-scrub=\"false\" data-pin=\"false\">\n        \n                \n        Safety and Environmental Commitment<\/h4>\n\n\n<\/div>\n\n\n\t\t\t\t<\/div>\n\t\t\t\t<\/div>\n\t\t\t\t<div class=\"elementor-element elementor-element-8878f4f elementor-widget elementor-widget-naylatextwrapper\" data-id=\"8878f4f\" data-element_type=\"widget\" data-e-type=\"widget\" data-widget_type=\"naylatextwrapper.default\">\n\t\t\t\t<div class=\"elementor-widget-container\">\n\t\t\t\t\t\n\n\n<div class=\"text-wrapper  \">\n\n    <p class=\"  text-p  false\" data-stagger=\"0.1\" data-duration=\"1.5\"data-delay=\"0\"data-scrub=\"false\" data-pin=\"false\"> we place a strong emphasis on health, safety, and environmental standards, ensuring the well-being of their workforce and compliance with regulations.<\/p>\n\n\n<\/div>\n\n\n\t\t\t\t<\/div>\n\t\t\t\t<\/div>\n\t\t\t\t\t<\/div>\n\t\t<\/div>\n\t\t\t\t<div class=\"elementor-column elementor-col-25 elementor-inner-column elementor-element elementor-element-f5432d8\" data-id=\"f5432d8\" data-element_type=\"column\" data-e-type=\"column\">\n\t\t\t<div class=\"elementor-widget-wrap elementor-element-populated\">\n\t\t\t\t\t\t<div class=\"elementor-element elementor-element-e714fb0 elementor-widget elementor-widget-naylaheading\" data-id=\"e714fb0\" data-element_type=\"widget\" data-e-type=\"widget\" data-widget_type=\"naylaheading.default\">\n\t\t\t\t<div class=\"elementor-widget-container\">\n\t\t\t\t\t\n<div class=\"text-wrapper\">\n\n\n    <h4  class=\"left   \" data-stagger=\"0.1\" data-duration=\"1.5\"data-delay=\"0\"data-scrub=\"false\" data-pin=\"false\">\n        \n                \n        Efficient Project Management<\/h4>\n\n\n<\/div>\n\n\n\t\t\t\t<\/div>\n\t\t\t\t<\/div>\n\t\t\t\t<div class=\"elementor-element elementor-element-2e346d9 elementor-widget elementor-widget-naylatextwrapper\" data-id=\"2e346d9\" data-element_type=\"widget\" data-e-type=\"widget\" data-widget_type=\"naylatextwrapper.default\">\n\t\t\t\t<div class=\"elementor-widget-container\">\n\t\t\t\t\t\n\n\n<div class=\"text-wrapper  \">\n\n    <p class=\"  text-p  false\" data-stagger=\"0.1\" data-duration=\"1.5\"data-delay=\"0\"data-scrub=\"false\" data-pin=\"false\"> Efficient project management, delivering projects on time and within budget, earning a reputation for reliability in the maritime industry.<\/p>\n\n\n<\/div>\n\n\n\t\t\t\t<\/div>\n\t\t\t\t<\/div>\n\t\t\t\t\t<\/div>\n\t\t<\/div>\n\t\t\t\t<div class=\"elementor-column elementor-col-25 elementor-inner-column elementor-element elementor-element-c1c5b68\" data-id=\"c1c5b68\" data-element_type=\"column\" data-e-type=\"column\">\n\t\t\t<div class=\"elementor-widget-wrap elementor-element-populated\">\n\t\t\t\t\t\t<div class=\"elementor-element elementor-element-b18539a elementor-widget elementor-widget-naylaheading\" data-id=\"b18539a\" data-element_type=\"widget\" data-e-type=\"widget\" data-widget_type=\"naylaheading.default\">\n\t\t\t\t<div class=\"elementor-widget-container\">\n\t\t\t\t\t\n<div class=\"text-wrapper\">\n\n\n    <h4  class=\"left   \" data-stagger=\"0.1\" data-duration=\"1.5\"data-delay=\"0\"data-scrub=\"false\" data-pin=\"false\">\n        \n                \n        Efficient Project Management<\/h4>\n\n\n<\/div>\n\n\n\t\t\t\t<\/div>\n\t\t\t\t<\/div>\n\t\t\t\t<div class=\"elementor-element elementor-element-44d9bf5 elementor-widget elementor-widget-naylatextwrapper\" data-id=\"44d9bf5\" data-element_type=\"widget\" data-e-type=\"widget\" data-widget_type=\"naylatextwrapper.default\">\n\t\t\t\t<div class=\"elementor-widget-container\">\n\t\t\t\t\t\n\n\n<div class=\"text-wrapper  \">\n\n    <p class=\"  text-p  false\" data-stagger=\"0.1\" data-duration=\"1.5\"data-delay=\"0\"data-scrub=\"false\" data-pin=\"false\"> Efficient project management, delivering projects on time and within budget, earning a reputation for reliability in the maritime industry.<\/p>\n\n\n<\/div>\n\n\n\t\t\t\t<\/div>\n\t\t\t\t<\/div>\n\t\t\t\t\t<\/div>\n\t\t<\/div>\n\t\t\t\t\t<\/div>\n\t\t<\/section>\n\t\t\t\t\t<\/div>\n\t\t<\/div>\n\t\t\t\t\t<\/div>\n\t\t<\/section>\n\t\t<div class=\"elementor-element elementor-element-8669dc6 e-flex e-con-boxed e-con e-parent\" data-id=\"8669dc6\" data-element_type=\"container\" data-e-type=\"container\">\n\t\t\t\t\t<div class=\"e-con-inner\">\n\t\t\t\t<div class=\"elementor-element elementor-element-2410e5d elementor-widget elementor-widget-text-editor\" data-id=\"2410e5d\" data-element_type=\"widget\" data-e-type=\"widget\" data-widget_type=\"text-editor.default\">\n\t\t\t\t<div class=\"elementor-widget-container\">\n\t\t\t\t\t\t\t\t\t<p><style>\n    body {<br \/>        font-family: Arial, sans-serif;<br \/>        line-height: 1.6;<br \/>        margin: 20px;<br \/>    }<br \/>    h1, h2 {<br \/>        color: #333;<br \/>    }<br \/>    h1 {<br \/>        font-size: 24px;<br \/>    }<br \/>    h2 {<br \/>        font-size: 20px;<br \/>        margin-top: 20px;<br \/>    }<br \/>    ul {<br \/>        list-style-type: disc;<br \/>        padding-left: 20px;<br \/>    }<br \/><\/style><\/p><h1>Legal Notice<\/h1><p>According to the provisions of Article 10 of Law 34\/2002 of July 11 on Services of the Information Society and Electronic Commerce (hereinafter &#8220;LSSI&#8221;), we inform you that the website www.windwaves.com (hereinafter the &#8220;Website&#8221;) is operated by the company OFFSHORE WINDWAVES S.L.U (hereinafter &#8220;WINDWAVES&#8221;), an entity with CIF B-67702902 and registered in the Mercantile Registry of A Coru\u00f1a on March 17, 2023, in Volume: 3807 Book 0 Section 8 Page 134 Sheet C-63013 entry 2\u00aa and with address at Avenida Vicente Risco Esquina Otero Pedrayo n\u00ba1 Planta 1 Nar\u00f3n 15570 A Coru\u00f1a.<\/p><p>Through the Website, Users can access information on the different business areas, services and products marketed by WINDWAVES as well as corporate events and news (hereinafter the &#8220;Contents&#8221;).<\/p><h2>1. Users and Informative Data<\/h2><p>The User voluntarily accesses this Website which implies that they will use it in accordance with this legal notice, the law, morality, good faith, and\/or good customs.<\/p><p>Access to and\/or use of the Website assigns to whoever does so the condition of User, accepting from that very moment fully and without reservation these general conditions.<\/p><p>Users can contact WINDWAVES through the email address <a href=\"mailto:protecciondedatos@grupoamper.com\">protecciondedatos@grupoamper.com<\/a>.<\/p><h2>2. Use of the Website, its services, and Contents<\/h2><p>The User agrees to use the Website and the Contents in accordance with the law and this Legal Notice (and subsequent modifications to it) as well as with generally accepted Internet good customs and public order.<\/p><p>WINDWAVES may establish limitations and\/or additional conditions for the use and\/or access to the Website and\/or the Contents, which must be observed by the Users in any case.<\/p><p>Likewise, the User agrees to refrain from:<\/p><ul><li>Using the Contents for illegal purposes, prohibited, harmful to the rights and interests of third parties or that in any way may damage, disable, overload, deteriorate or impede the normal use of the Website, computer equipment or documents, files and any type of content stored on any computer equipment owned by WINDWAVES or third parties.<\/li><li>Reproducing, copying, distributing, making available or otherwise communicating (including by email), transforming or modifying the Contents unless expressly authorized by the holder of the corresponding rights or legally permitted.<\/li><li>Violating the rights of WINDWAVES or the legitimate holders of the Contents.<\/li><li>Using the Contents for commercial or advertising purposes other than those expressly permitted.<\/li><\/ul><h2>3. Intellectual and Industrial Property<\/h2><p>All information contained on the Website, including any type of content, texts, images, graphic designs or codes in HTML, JAVA, JavaScript or ActiveX language among others, is intellectual property owned by WINDWAVES and\/or third parties.<\/p><p>This intellectual and industrial property is protected by national and international legislation on intellectual and industrial property. The User must always respect all intellectual and industrial property rights on the Website, owned by WINDWAVES or third parties. Through this Legal Notice, no intellectual or industrial property rights on the Website or the Contents, trademarks, trade names and\/or distinctive signs that appear on the Website are transferred, and it is expressly prohibited for the User to reproduce, transform, distribute, publicly communicate, make available, extract, reuse, forward or use of any nature by any means or procedure any of them, except in cases where it is legally permitted or authorized by the holder of the corresponding rights.<\/p><p>Unauthorized use of the Contents, trademarks, trade names and\/or distinctive signs contained on the Website may constitute a violation of intellectual or industrial property legislation and other applicable laws. Any infringement of these rights may result in those extrajudicial or judicial, civil or criminal proceedings that correspond.<\/p><p>For the purposes of preserving possible intellectual and industrial property rights, if any User or a third party considers that there has been a violation of these rights, they must notify this circumstance in writing to WINDWAVES at its central offices located at Avenida Vicente Risco Esquina Otero Pedrayo n\u00ba1 Planta 1 Nar\u00f3n 15570 (A Coru\u00f1a) or by sending an email to <a href=\"mailto:protecciondedatos@grupoamper.com\">protecciondedatos@grupoamper.com<\/a>.<\/p><h2>4. Updating the general conditions<\/h2><p>WINDWAVES may occasionally update and\/or modify these General Conditions at its sole discretion in order to comply with current or future legislation.<\/p><p>The User accepts that the modifications or changes made will be mandatory and will come into effect from the date of publication of the modified General Conditions. The User agrees that continued use of the Website after the effective date of the General Conditions indicates their acceptance of such modifications.<\/p><p>WINDWAVES reserves the right to modify at any time the presentation, configuration, and location of the Website as well as the Contents and the conditions required to use them.<\/p><p>You agree to always review the most recent version of the General Conditions available on the Website <a href=\"http:\/\/www.windwaves.com\">www.windwaves.com<\/a>.<\/p><h2>5. Disclaimer of liabilities<\/h2><p>WINDWAVES does not grant any guarantee and is not responsible in any case for damages of any nature that may arise from access or use of the Contents or the Website.<\/p><p>Among others, and without limiting to these, WINDWAVES is not responsible for the following circumstances:<\/p><ul><li>Lack of availability, maintenance, and effective operation of the Website and\/or the Contents, excluding to the maximum extent permitted by current legislation any liability for damages of any kind that may be due to the lack of availability or continuity of the operation of the Website and the Contents enabled on it.<\/li><li>Lack of utility of the Website or the Contents for any activity.<\/li><li>Of the content, products, and services of other Internet pages that may be directed directly or indirectly through links or hyperlinks placed on the Website.<\/li><li>The existence of viruses, malicious or harmful programs in the Contents.<\/li><li>The reception, obtaining, storage, dissemination, or transmission by the Users of<\/li><\/ul>\t\t\t\t\t\t\t\t<\/div>\n\t\t\t\t<\/div>\n\t\t\t\t\t<\/div>\n\t\t\t\t<\/div>\n\t\t\t\t<\/div>\n\t\t","protected":false},"excerpt":{"rendered":"<p>Extensive Military Program Experience Nervi\u00f3n Naval-Offshore has a proven record of contributing to major military initiatives, showcasing their expertise in the defense sector. Safety and Environmental Commitment we place a [&hellip;]<\/p>\n","protected":false},"author":1,"featured_media":0,"parent":0,"menu_order":0,"comment_status":"closed","ping_status":"closed","template":"","meta":{"_acf_changed":false,"_monsterinsights_skip_tracking":false,"_monsterinsights_sitenote_active":false,"_monsterinsights_sitenote_note":"","_monsterinsights_sitenote_category":0,"footnotes":""},"class_list":["post-18598","page","type-page","status-publish","hentry"],"acf":[],"yoast_head":"<!-- This site is optimized with the Yoast SEO plugin v27.4 - https:\/\/yoast.com\/product\/yoast-seo-wordpress\/ -->\n<title>Legal Notice - WindWaves<\/title>\n<meta name=\"robots\" content=\"index, follow, max-snippet:-1, max-image-preview:large, max-video-preview:-1\" \/>\n<link rel=\"canonical\" href=\"https:\/\/windwaves.com\/en\/legal-notice\/\" \/>\n<meta property=\"og:locale\" content=\"en_US\" \/>\n<meta property=\"og:type\" content=\"article\" \/>\n<meta property=\"og:title\" content=\"Legal Notice - WindWaves\" \/>\n<meta property=\"og:description\" content=\"Extensive Military Program Experience Nervi\u00f3n Naval-Offshore has a proven record of contributing to major military initiatives, showcasing their expertise in the defense sector. Safety and Environmental Commitment we place a [&hellip;]\" \/>\n<meta property=\"og:url\" content=\"https:\/\/windwaves.com\/en\/legal-notice\/\" \/>\n<meta property=\"og:site_name\" content=\"WindWaves\" \/>\n<meta property=\"article:modified_time\" content=\"2024-10-04T07:35:06+00:00\" \/>\n<meta name=\"twitter:card\" content=\"summary_large_image\" \/>\n<meta name=\"twitter:label1\" content=\"Est. reading time\" \/>\n\t<meta name=\"twitter:data1\" content=\"5 minutes\" \/>\n<script type=\"application\/ld+json\" class=\"yoast-schema-graph\">{\"@context\":\"https:\\\/\\\/schema.org\",\"@graph\":[{\"@type\":\"WebPage\",\"@id\":\"https:\\\/\\\/windwaves.com\\\/en\\\/legal-notice\\\/\",\"url\":\"https:\\\/\\\/windwaves.com\\\/en\\\/legal-notice\\\/\",\"name\":\"Legal Notice - WindWaves\",\"isPartOf\":{\"@id\":\"https:\\\/\\\/windwaves.com\\\/#website\"},\"datePublished\":\"2024-06-12T07:04:59+00:00\",\"dateModified\":\"2024-10-04T07:35:06+00:00\",\"breadcrumb\":{\"@id\":\"https:\\\/\\\/windwaves.com\\\/en\\\/legal-notice\\\/#breadcrumb\"},\"inLanguage\":\"en-US\",\"potentialAction\":[{\"@type\":\"ReadAction\",\"target\":[\"https:\\\/\\\/windwaves.com\\\/en\\\/legal-notice\\\/\"]}]},{\"@type\":\"BreadcrumbList\",\"@id\":\"https:\\\/\\\/windwaves.com\\\/en\\\/legal-notice\\\/#breadcrumb\",\"itemListElement\":[{\"@type\":\"ListItem\",\"position\":1,\"name\":\"Portada\",\"item\":\"https:\\\/\\\/windwaves.com\\\/\"},{\"@type\":\"ListItem\",\"position\":2,\"name\":\"Legal Notice\"}]},{\"@type\":\"WebSite\",\"@id\":\"https:\\\/\\\/windwaves.com\\\/#website\",\"url\":\"https:\\\/\\\/windwaves.com\\\/\",\"name\":\"WindWaves\",\"description\":\"L\u00edderes en la Fabricaci\u00f3n de Estructuras Fijas y Flotantes para la Energ\u00eda E\u00f3lica Marina\",\"publisher\":{\"@id\":\"https:\\\/\\\/windwaves.com\\\/#organization\"},\"potentialAction\":[{\"@type\":\"SearchAction\",\"target\":{\"@type\":\"EntryPoint\",\"urlTemplate\":\"https:\\\/\\\/windwaves.com\\\/?s={search_term_string}\"},\"query-input\":{\"@type\":\"PropertyValueSpecification\",\"valueRequired\":true,\"valueName\":\"search_term_string\"}}],\"inLanguage\":\"en-US\"},{\"@type\":\"Organization\",\"@id\":\"https:\\\/\\\/windwaves.com\\\/#organization\",\"name\":\"WindWves\",\"alternateName\":\"WindWaves S.L.U\",\"url\":\"https:\\\/\\\/windwaves.com\\\/\",\"logo\":{\"@type\":\"ImageObject\",\"inLanguage\":\"en-US\",\"@id\":\"https:\\\/\\\/windwaves.com\\\/#\\\/schema\\\/logo\\\/image\\\/\",\"url\":\"https:\\\/\\\/windwaves.com\\\/wp-content\\\/uploads\\\/2024\\\/06\\\/cropped-LOGO-WINDWAVES-VECTORIAL-2-2-2.png\",\"contentUrl\":\"https:\\\/\\\/windwaves.com\\\/wp-content\\\/uploads\\\/2024\\\/06\\\/cropped-LOGO-WINDWAVES-VECTORIAL-2-2-2.png\",\"width\":512,\"height\":512,\"caption\":\"WindWves\"},\"image\":{\"@id\":\"https:\\\/\\\/windwaves.com\\\/#\\\/schema\\\/logo\\\/image\\\/\"},\"sameAs\":[\"https:\\\/\\\/www.linkedin.com\\\/company\\\/windwaves\\\/\"]}]}<\/script>\n<!-- \/ Yoast SEO plugin. -->","yoast_head_json":{"title":"Legal Notice - WindWaves","robots":{"index":"index","follow":"follow","max-snippet":"max-snippet:-1","max-image-preview":"max-image-preview:large","max-video-preview":"max-video-preview:-1"},"canonical":"https:\/\/windwaves.com\/en\/legal-notice\/","og_locale":"en_US","og_type":"article","og_title":"Legal Notice - WindWaves","og_description":"Extensive Military Program Experience Nervi\u00f3n Naval-Offshore has a proven record of contributing to major military initiatives, showcasing their expertise in the defense sector. Safety and Environmental Commitment we place a [&hellip;]","og_url":"https:\/\/windwaves.com\/en\/legal-notice\/","og_site_name":"WindWaves","article_modified_time":"2024-10-04T07:35:06+00:00","twitter_card":"summary_large_image","twitter_misc":{"Est. reading time":"5 minutes"},"schema":{"@context":"https:\/\/schema.org","@graph":[{"@type":"WebPage","@id":"https:\/\/windwaves.com\/en\/legal-notice\/","url":"https:\/\/windwaves.com\/en\/legal-notice\/","name":"Legal Notice - WindWaves","isPartOf":{"@id":"https:\/\/windwaves.com\/#website"},"datePublished":"2024-06-12T07:04:59+00:00","dateModified":"2024-10-04T07:35:06+00:00","breadcrumb":{"@id":"https:\/\/windwaves.com\/en\/legal-notice\/#breadcrumb"},"inLanguage":"en-US","potentialAction":[{"@type":"ReadAction","target":["https:\/\/windwaves.com\/en\/legal-notice\/"]}]},{"@type":"BreadcrumbList","@id":"https:\/\/windwaves.com\/en\/legal-notice\/#breadcrumb","itemListElement":[{"@type":"ListItem","position":1,"name":"Portada","item":"https:\/\/windwaves.com\/"},{"@type":"ListItem","position":2,"name":"Legal Notice"}]},{"@type":"WebSite","@id":"https:\/\/windwaves.com\/#website","url":"https:\/\/windwaves.com\/","name":"WindWaves","description":"L\u00edderes en la Fabricaci\u00f3n de Estructuras Fijas y Flotantes para la Energ\u00eda E\u00f3lica Marina","publisher":{"@id":"https:\/\/windwaves.com\/#organization"},"potentialAction":[{"@type":"SearchAction","target":{"@type":"EntryPoint","urlTemplate":"https:\/\/windwaves.com\/?s={search_term_string}"},"query-input":{"@type":"PropertyValueSpecification","valueRequired":true,"valueName":"search_term_string"}}],"inLanguage":"en-US"},{"@type":"Organization","@id":"https:\/\/windwaves.com\/#organization","name":"WindWves","alternateName":"WindWaves S.L.U","url":"https:\/\/windwaves.com\/","logo":{"@type":"ImageObject","inLanguage":"en-US","@id":"https:\/\/windwaves.com\/#\/schema\/logo\/image\/","url":"https:\/\/windwaves.com\/wp-content\/uploads\/2024\/06\/cropped-LOGO-WINDWAVES-VECTORIAL-2-2-2.png","contentUrl":"https:\/\/windwaves.com\/wp-content\/uploads\/2024\/06\/cropped-LOGO-WINDWAVES-VECTORIAL-2-2-2.png","width":512,"height":512,"caption":"WindWves"},"image":{"@id":"https:\/\/windwaves.com\/#\/schema\/logo\/image\/"},"sameAs":["https:\/\/www.linkedin.com\/company\/windwaves\/"]}]}},"_links":{"self":[{"href":"https:\/\/windwaves.com\/en\/wp-json\/wp\/v2\/pages\/18598","targetHints":{"allow":["GET"]}}],"collection":[{"href":"https:\/\/windwaves.com\/en\/wp-json\/wp\/v2\/pages"}],"about":[{"href":"https:\/\/windwaves.com\/en\/wp-json\/wp\/v2\/types\/page"}],"author":[{"embeddable":true,"href":"https:\/\/windwaves.com\/en\/wp-json\/wp\/v2\/users\/1"}],"replies":[{"embeddable":true,"href":"https:\/\/windwaves.com\/en\/wp-json\/wp\/v2\/comments?post=18598"}],"version-history":[{"count":8,"href":"https:\/\/windwaves.com\/en\/wp-json\/wp\/v2\/pages\/18598\/revisions"}],"predecessor-version":[{"id":19144,"href":"https:\/\/windwaves.com\/en\/wp-json\/wp\/v2\/pages\/18598\/revisions\/19144"}],"wp:attachment":[{"href":"https:\/\/windwaves.com\/en\/wp-json\/wp\/v2\/media?parent=18598"}],"curies":[{"name":"wp","href":"https:\/\/api.w.org\/{rel}","templated":true}]}}