{"id":18605,"date":"2024-06-12T08:57:49","date_gmt":"2024-06-12T06:57:49","guid":{"rendered":"https:\/\/nervionoffshore.com\/politica-privacidad\/"},"modified":"2024-10-04T09:38:43","modified_gmt":"2024-10-04T07:38:43","slug":"privacy-policy","status":"publish","type":"page","link":"https:\/\/windwaves.com\/en\/privacy-policy\/","title":{"rendered":"Privacy Policy"},"content":{"rendered":"\t\t<div data-elementor-type=\"wp-page\" data-elementor-id=\"18605\" class=\"elementor elementor-18605\" data-elementor-post-type=\"page\">\n\t\t\t\t\t\t<section class=\"elementor-section elementor-top-section elementor-element elementor-element-c766534 elementor-section-content-space-between wrapper-wide section-normal elementor-section-boxed elementor-section-height-default elementor-section-height-default default\" data-id=\"c766534\" data-element_type=\"section\">\n\t\t\t\t\t\t<div class=\"elementor-container elementor-column-gap-default\">\n\t\t\t\t\t<div class=\"elementor-column elementor-col-100 elementor-top-column elementor-element elementor-element-7f95f7a\" data-id=\"7f95f7a\" data-element_type=\"column\">\n\t\t\t<div class=\"elementor-widget-wrap elementor-element-populated\">\n\t\t\t\t\t\t<section class=\"elementor-section elementor-inner-section elementor-element elementor-element-17e5e9a wrapper-wide section-normal elementor-section-boxed elementor-section-height-default elementor-section-height-default default\" data-id=\"17e5e9a\" data-element_type=\"section\">\n\t\t\t\t\t\t<div class=\"elementor-container elementor-column-gap-default\">\n\t\t\t\t\t<div class=\"has-anim maskUp elementor-column elementor-col-100 elementor-inner-column elementor-element elementor-element-54e59a2\" data-duration=\"2\" data-delay=\"0\" data-scrub=\"false\" data-pin=\"false\" data-out=\"false\" data-start=\"1.5\" data-origin=\"top center\" data-id=\"54e59a2\" data-element_type=\"column\">\n\t\t\t<div class=\"elementor-widget-wrap\">\n\t\t\t\t\t\t\t<\/div>\n\t\t<\/div>\n\t\t\t\t\t<\/div>\n\t\t<\/section>\n\t\t\t\t\t<\/div>\n\t\t<\/div>\n\t\t\t\t\t<\/div>\n\t\t<\/section>\n\t\t\t\t<section class=\"anim-bg elementor-section elementor-top-section elementor-element elementor-element-6a50cf1 light hidden-stgo wrapper-wide section-normal elementor-section-boxed elementor-section-height-default elementor-section-height-default\" data-id=\"6a50cf1\" data-element_type=\"section\" data-settings=\"{&quot;background_background&quot;:&quot;classic&quot;}\">\n\t\t\t\t\t\t<div class=\"elementor-container elementor-column-gap-default\">\n\t\t\t\t\t<div class=\"elementor-column elementor-col-100 elementor-top-column elementor-element elementor-element-5eb92ca\" data-id=\"5eb92ca\" data-element_type=\"column\">\n\t\t\t<div class=\"elementor-widget-wrap elementor-element-populated\">\n\t\t\t\t\t\t<section class=\"elementor-section elementor-inner-section elementor-element elementor-element-4731588 wrapper-wide section-normal elementor-section-boxed elementor-section-height-default elementor-section-height-default default\" data-id=\"4731588\" data-element_type=\"section\">\n\t\t\t\t\t\t<div class=\"elementor-container elementor-column-gap-default\">\n\t\t\t\t\t<div class=\"elementor-column elementor-col-25 elementor-inner-column elementor-element elementor-element-800cf0a\" data-id=\"800cf0a\" data-element_type=\"column\">\n\t\t\t<div class=\"elementor-widget-wrap elementor-element-populated\">\n\t\t\t\t\t\t<div class=\"elementor-element elementor-element-5812461 elementor-widget elementor-widget-naylaheading\" data-id=\"5812461\" data-element_type=\"widget\" data-widget_type=\"naylaheading.default\">\n\t\t\t\t<div class=\"elementor-widget-container\">\n\t\t\t\t\t\n<div class=\"text-wrapper\">\n\n\n    <h4  class=\"   \" data-stagger=\"0.1\" data-duration=\"1.5\"data-delay=\"0\"data-scrub=\"false\" data-pin=\"false\">\n        \n                \n        Extensive Military Program Experience<\/h4>\n\n\n<\/div>\n\n\n\t\t\t\t<\/div>\n\t\t\t\t<\/div>\n\t\t\t\t<div class=\"elementor-element elementor-element-bc35c43 elementor-widget elementor-widget-naylatextwrapper\" data-id=\"bc35c43\" data-element_type=\"widget\" data-widget_type=\"naylatextwrapper.default\">\n\t\t\t\t<div class=\"elementor-widget-container\">\n\t\t\t\t\t\n\n\n<div class=\"text-wrapper  \">\n\n    <p class=\"  text-p  false\" data-stagger=\"0.1\" data-duration=\"1.5\"data-delay=\"0\"data-scrub=\"false\" data-pin=\"false\"> Nervi\u00f3n Naval-Offshore has a proven record of contributing to major military initiatives, showcasing their expertise in the defense sector.<\/p>\n\n\n<\/div>\n\n\n\t\t\t\t<\/div>\n\t\t\t\t<\/div>\n\t\t\t\t\t<\/div>\n\t\t<\/div>\n\t\t\t\t<div class=\"elementor-column elementor-col-25 elementor-inner-column elementor-element elementor-element-be8ed8a\" data-id=\"be8ed8a\" data-element_type=\"column\">\n\t\t\t<div class=\"elementor-widget-wrap elementor-element-populated\">\n\t\t\t\t\t\t<div class=\"elementor-element elementor-element-4a8ef12 elementor-widget elementor-widget-naylaheading\" data-id=\"4a8ef12\" data-element_type=\"widget\" data-widget_type=\"naylaheading.default\">\n\t\t\t\t<div class=\"elementor-widget-container\">\n\t\t\t\t\t\n<div class=\"text-wrapper\">\n\n\n    <h4  class=\"   \" data-stagger=\"0.1\" data-duration=\"1.5\"data-delay=\"0\"data-scrub=\"false\" data-pin=\"false\">\n        \n                \n        Safety and Environmental Commitment<\/h4>\n\n\n<\/div>\n\n\n\t\t\t\t<\/div>\n\t\t\t\t<\/div>\n\t\t\t\t<div class=\"elementor-element elementor-element-8878f4f elementor-widget elementor-widget-naylatextwrapper\" data-id=\"8878f4f\" data-element_type=\"widget\" data-widget_type=\"naylatextwrapper.default\">\n\t\t\t\t<div class=\"elementor-widget-container\">\n\t\t\t\t\t\n\n\n<div class=\"text-wrapper  \">\n\n    <p class=\"  text-p  false\" data-stagger=\"0.1\" data-duration=\"1.5\"data-delay=\"0\"data-scrub=\"false\" data-pin=\"false\"> we place a strong emphasis on health, safety, and environmental standards, ensuring the well-being of their workforce and compliance with regulations.<\/p>\n\n\n<\/div>\n\n\n\t\t\t\t<\/div>\n\t\t\t\t<\/div>\n\t\t\t\t\t<\/div>\n\t\t<\/div>\n\t\t\t\t<div class=\"elementor-column elementor-col-25 elementor-inner-column elementor-element elementor-element-f5432d8\" data-id=\"f5432d8\" data-element_type=\"column\">\n\t\t\t<div class=\"elementor-widget-wrap elementor-element-populated\">\n\t\t\t\t\t\t<div class=\"elementor-element elementor-element-e714fb0 elementor-widget elementor-widget-naylaheading\" data-id=\"e714fb0\" data-element_type=\"widget\" data-widget_type=\"naylaheading.default\">\n\t\t\t\t<div class=\"elementor-widget-container\">\n\t\t\t\t\t\n<div class=\"text-wrapper\">\n\n\n    <h4  class=\"   \" data-stagger=\"0.1\" data-duration=\"1.5\"data-delay=\"0\"data-scrub=\"false\" data-pin=\"false\">\n        \n                \n        Efficient Project Management<\/h4>\n\n\n<\/div>\n\n\n\t\t\t\t<\/div>\n\t\t\t\t<\/div>\n\t\t\t\t<div class=\"elementor-element elementor-element-2e346d9 elementor-widget elementor-widget-naylatextwrapper\" data-id=\"2e346d9\" data-element_type=\"widget\" data-widget_type=\"naylatextwrapper.default\">\n\t\t\t\t<div class=\"elementor-widget-container\">\n\t\t\t\t\t\n\n\n<div class=\"text-wrapper  \">\n\n    <p class=\"  text-p  false\" data-stagger=\"0.1\" data-duration=\"1.5\"data-delay=\"0\"data-scrub=\"false\" data-pin=\"false\"> Efficient project management, delivering projects on time and within budget, earning a reputation for reliability in the maritime industry.<\/p>\n\n\n<\/div>\n\n\n\t\t\t\t<\/div>\n\t\t\t\t<\/div>\n\t\t\t\t\t<\/div>\n\t\t<\/div>\n\t\t\t\t<div class=\"elementor-column elementor-col-25 elementor-inner-column elementor-element elementor-element-c1c5b68\" data-id=\"c1c5b68\" data-element_type=\"column\">\n\t\t\t<div class=\"elementor-widget-wrap elementor-element-populated\">\n\t\t\t\t\t\t<div class=\"elementor-element elementor-element-b18539a elementor-widget elementor-widget-naylaheading\" data-id=\"b18539a\" data-element_type=\"widget\" data-widget_type=\"naylaheading.default\">\n\t\t\t\t<div class=\"elementor-widget-container\">\n\t\t\t\t\t\n<div class=\"text-wrapper\">\n\n\n    <h4  class=\"   \" data-stagger=\"0.1\" data-duration=\"1.5\"data-delay=\"0\"data-scrub=\"false\" data-pin=\"false\">\n        \n                \n        Efficient Project Management<\/h4>\n\n\n<\/div>\n\n\n\t\t\t\t<\/div>\n\t\t\t\t<\/div>\n\t\t\t\t<div class=\"elementor-element elementor-element-44d9bf5 elementor-widget elementor-widget-naylatextwrapper\" data-id=\"44d9bf5\" data-element_type=\"widget\" data-widget_type=\"naylatextwrapper.default\">\n\t\t\t\t<div class=\"elementor-widget-container\">\n\t\t\t\t\t\n\n\n<div class=\"text-wrapper  \">\n\n    <p class=\"  text-p  false\" data-stagger=\"0.1\" data-duration=\"1.5\"data-delay=\"0\"data-scrub=\"false\" data-pin=\"false\"> Efficient project management, delivering projects on time and within budget, earning a reputation for reliability in the maritime industry.<\/p>\n\n\n<\/div>\n\n\n\t\t\t\t<\/div>\n\t\t\t\t<\/div>\n\t\t\t\t\t<\/div>\n\t\t<\/div>\n\t\t\t\t\t<\/div>\n\t\t<\/section>\n\t\t\t\t\t<\/div>\n\t\t<\/div>\n\t\t\t\t\t<\/div>\n\t\t<\/section>\n\t\t<div class=\"elementor-element elementor-element-8669dc6 e-flex e-con-boxed e-con e-parent\" data-id=\"8669dc6\" data-element_type=\"container\">\n\t\t\t\t\t<div class=\"e-con-inner\">\n\t\t\t\t<div class=\"elementor-element elementor-element-2410e5d elementor-widget elementor-widget-text-editor\" data-id=\"2410e5d\" data-element_type=\"widget\" data-widget_type=\"text-editor.default\">\n\t\t\t\t<div class=\"elementor-widget-container\">\n\t\t\t\t\t\t\t\t\t<p><style>\n    body {<br \/>        font-family: Arial, sans-serif;<br \/>        line-height: 1.6;<br \/>        margin: 20px;<br \/>    }<br \/>    h1 {<br \/>        font-size: 24px;<br \/>        margin-bottom: 10px;<br \/>    }<br \/>    h2 {<br \/>        font-size: 20px;<br \/>        margin-top: 20px;<br \/>        margin-bottom: 10px;<br \/>    }<br \/>    ul {<br \/>        margin-left: 20px;<br \/>    }<br \/>    li {<br \/>        margin-bottom: 10px;<br \/>    }<br \/><\/style><\/p><h1>Privacy Policy<\/h1><p>Information regarding the protection of personal data.<\/p><p>At OFFSHORE WINDWAVES S.L.U we consider the privacy of individuals an essential element for the proper exercise of our commercial and business activities, and therefore we have developed this Privacy Policy applicable to OFFSHORE WINDWAVES, which complies with the obligations of the General Data Protection Regulation (Regulation 2016\/679 of April 27) and the Organic Law on Data Protection and Digital Rights, 3\/2018 of December 5.<\/p><h2>1. Data Controller<\/h2><p>The ultimate data controller is OFFSHORE WINDWAVES S.L.U. with CIF B-67702902 and address at Avenida Vicente Risco, Esquina Otero Pedrayo n\u00ba1 Planta 1, Nar\u00f3n, 15570, A Coru\u00f1a. You can contact us via email at <a href=\"mailto:protecciondedatos@grupoamper.com\">protecciondedatos@grupoamper.com<\/a><\/p><h2>2. What personal data we collect<\/h2><p>The most common personal data we may process on our website are: name, surname, telephone number, email address, IP address, and cookies.<\/p><h2>3. Purpose, legitimacy, and retention time<\/h2><p>The purposes for which we may process your personal data are:<\/p><ul><li><strong>Responding to questions submitted by the data subject.<\/strong> The data will be processed until the question posed by the data subject is resolved or until consent is withdrawn. The legal basis is the consent of the data subject.<\/li><li><strong>Sending commercial information.<\/strong> The data will be processed until consent is withdrawn. The legal basis is the consent of the data subject.<\/li><li><strong>Statistical processing.<\/strong> The data will be processed in an aggregated manner. They will be processed until statistical data is obtained. The legal basis is legitimate interest.<\/li><li><strong>Website security reasons.<\/strong> The data will be retained for 1 year. The legal basis is legitimate interest.<\/li><li><strong>Marketing tracking through cookies.<\/strong> You can check the retention periods in our cookie policy. The legal basis is the consent of the data subject.<\/li><li><strong>Management and processing of communications received through the complaint form in accordance with Law 2\/2023 of February 20, regulating the protection of individuals who report regulatory breaches and anti-corruption measures.<\/strong> In the case of personal data received through the complaint form, they will be retained for a maximum period of ten years.<\/li><\/ul><h2>4. Recipients of your data<\/h2><p>Your data will not be transferred to third parties, except under legal obligation. They may only be transferred to other companies within the group for the proper provision of the requested service.<br \/>In the case of personal data contained in communications received through the complaint form, they may be communicated to Courts and Tribunals, the Public Prosecutor&#8217;s Office, and State Security Forces and Corps.<\/p><h2>5. Other<\/h2><p>We will not collect or process any particularly sensitive personal data or data included in the special category of personal data of users.<br \/>We will not use automated decision-making processes, including profiling, unless you have explicitly authorized us to do so. In that case, we would inform you about the logic used in the decision, as well as the meaning and expected consequences of such processing for you.<\/p><h2>6. Rights<\/h2><p>Individuals who provide us with their data have the following rights in relation to them:<\/p><ul><li>Right of access<\/li><li>Right to rectification or deletion<\/li><li>Right to limitation of processing<\/li><li>Right to portability<\/li><li>Right to object<\/li><\/ul><p>Users who request it can revoke their consent and\/or exercise their rights at any time. To do so, you must identify yourself by providing a copy of your ID, clearly indicate which right you want to exercise, and send an email to the following address: <a href=\"mailto:protecciondedatos@grupoamper.com\">protecciondedatos@grupoamper.com<\/a><br \/>Additionally, we inform you about the possibility of filing a complaint with the competent Supervisory Authority, in this case, the Spanish Data Protection Agency, especially if you have not obtained satisfaction in the exercise of your rights. You can find the necessary information at: <a href=\"https:\/\/www.aepd.es\" target=\"_blank\" rel=\"noopener\">www.aepd.es<\/a><\/p><h2>7. Modification of this privacy policy<\/h2><p>OFFSHORE WINDWAVES reserves the right to modify this policy to adapt it to future legislative or jurisprudential developments, as well as to sector practices. The User accepts that the modifications or changes made will be mandatory and will come into effect from the date of their publication.<\/p>\t\t\t\t\t\t\t\t<\/div>\n\t\t\t\t<\/div>\n\t\t\t\t\t<\/div>\n\t\t\t\t<\/div>\n\t\t\t\t<\/div>\n\t\t","protected":false},"excerpt":{"rendered":"<p>Extensive Military Program Experience Nervi\u00f3n Naval-Offshore has a proven record of contributing to major military initiatives, showcasing their expertise in the defense sector. Safety and Environmental Commitment we place a [&hellip;]<\/p>\n","protected":false},"author":1,"featured_media":0,"parent":0,"menu_order":0,"comment_status":"closed","ping_status":"closed","template":"","meta":{"_acf_changed":false,"_monsterinsights_skip_tracking":false,"_monsterinsights_sitenote_active":false,"_monsterinsights_sitenote_note":"","_monsterinsights_sitenote_category":0,"footnotes":""},"class_list":["post-18605","page","type-page","status-publish","hentry"],"acf":[],"yoast_head":"<!-- This site is optimized with the Yoast SEO plugin v26.7 - https:\/\/yoast.com\/wordpress\/plugins\/seo\/ -->\n<title>Privacy Policy - WindWaves<\/title>\n<meta name=\"robots\" content=\"index, follow, max-snippet:-1, max-image-preview:large, max-video-preview:-1\" \/>\n<link rel=\"canonical\" href=\"https:\/\/windwaves.com\/en\/privacy-policy\/\" \/>\n<meta property=\"og:locale\" content=\"en_US\" \/>\n<meta property=\"og:type\" content=\"article\" \/>\n<meta property=\"og:title\" content=\"Privacy Policy - WindWaves\" \/>\n<meta property=\"og:description\" content=\"Extensive Military Program Experience Nervi\u00f3n Naval-Offshore has a proven record of contributing to major military initiatives, showcasing their expertise in the defense sector. Safety and Environmental Commitment we place a [&hellip;]\" \/>\n<meta property=\"og:url\" content=\"https:\/\/windwaves.com\/en\/privacy-policy\/\" \/>\n<meta property=\"og:site_name\" content=\"WindWaves\" \/>\n<meta property=\"article:modified_time\" content=\"2024-10-04T07:38:43+00:00\" \/>\n<meta name=\"twitter:card\" content=\"summary_large_image\" \/>\n<meta name=\"twitter:label1\" content=\"Est. reading time\" \/>\n\t<meta name=\"twitter:data1\" content=\"4 minutes\" \/>\n<script type=\"application\/ld+json\" class=\"yoast-schema-graph\">{\"@context\":\"https:\/\/schema.org\",\"@graph\":[{\"@type\":\"WebPage\",\"@id\":\"https:\/\/windwaves.com\/en\/privacy-policy\/\",\"url\":\"https:\/\/windwaves.com\/en\/privacy-policy\/\",\"name\":\"Privacy Policy - WindWaves\",\"isPartOf\":{\"@id\":\"https:\/\/windwaves.com\/#website\"},\"datePublished\":\"2024-06-12T06:57:49+00:00\",\"dateModified\":\"2024-10-04T07:38:43+00:00\",\"breadcrumb\":{\"@id\":\"https:\/\/windwaves.com\/en\/privacy-policy\/#breadcrumb\"},\"inLanguage\":\"en-US\",\"potentialAction\":[{\"@type\":\"ReadAction\",\"target\":[\"https:\/\/windwaves.com\/en\/privacy-policy\/\"]}]},{\"@type\":\"BreadcrumbList\",\"@id\":\"https:\/\/windwaves.com\/en\/privacy-policy\/#breadcrumb\",\"itemListElement\":[{\"@type\":\"ListItem\",\"position\":1,\"name\":\"Portada\",\"item\":\"https:\/\/windwaves.com\/\"},{\"@type\":\"ListItem\",\"position\":2,\"name\":\"Privacy Policy\"}]},{\"@type\":\"WebSite\",\"@id\":\"https:\/\/windwaves.com\/#website\",\"url\":\"https:\/\/windwaves.com\/\",\"name\":\"WindWaves\",\"description\":\"L\u00edderes en la Fabricaci\u00f3n de Estructuras Fijas y Flotantes para la Energ\u00eda E\u00f3lica Marina\",\"publisher\":{\"@id\":\"https:\/\/windwaves.com\/#organization\"},\"potentialAction\":[{\"@type\":\"SearchAction\",\"target\":{\"@type\":\"EntryPoint\",\"urlTemplate\":\"https:\/\/windwaves.com\/?s={search_term_string}\"},\"query-input\":{\"@type\":\"PropertyValueSpecification\",\"valueRequired\":true,\"valueName\":\"search_term_string\"}}],\"inLanguage\":\"en-US\"},{\"@type\":\"Organization\",\"@id\":\"https:\/\/windwaves.com\/#organization\",\"name\":\"WindWves\",\"alternateName\":\"WindWaves S.L.U\",\"url\":\"https:\/\/windwaves.com\/\",\"logo\":{\"@type\":\"ImageObject\",\"inLanguage\":\"en-US\",\"@id\":\"https:\/\/windwaves.com\/#\/schema\/logo\/image\/\",\"url\":\"https:\/\/windwaves.com\/wp-content\/uploads\/2024\/06\/cropped-LOGO-WINDWAVES-VECTORIAL-2-2-2.png\",\"contentUrl\":\"https:\/\/windwaves.com\/wp-content\/uploads\/2024\/06\/cropped-LOGO-WINDWAVES-VECTORIAL-2-2-2.png\",\"width\":512,\"height\":512,\"caption\":\"WindWves\"},\"image\":{\"@id\":\"https:\/\/windwaves.com\/#\/schema\/logo\/image\/\"},\"sameAs\":[\"https:\/\/www.linkedin.com\/company\/windwaves\/\"]}]}<\/script>\n<!-- \/ Yoast SEO plugin. -->","yoast_head_json":{"title":"Privacy Policy - WindWaves","robots":{"index":"index","follow":"follow","max-snippet":"max-snippet:-1","max-image-preview":"max-image-preview:large","max-video-preview":"max-video-preview:-1"},"canonical":"https:\/\/windwaves.com\/en\/privacy-policy\/","og_locale":"en_US","og_type":"article","og_title":"Privacy Policy - WindWaves","og_description":"Extensive Military Program Experience Nervi\u00f3n Naval-Offshore has a proven record of contributing to major military initiatives, showcasing their expertise in the defense sector. Safety and Environmental Commitment we place a [&hellip;]","og_url":"https:\/\/windwaves.com\/en\/privacy-policy\/","og_site_name":"WindWaves","article_modified_time":"2024-10-04T07:38:43+00:00","twitter_card":"summary_large_image","twitter_misc":{"Est. reading time":"4 minutes"},"schema":{"@context":"https:\/\/schema.org","@graph":[{"@type":"WebPage","@id":"https:\/\/windwaves.com\/en\/privacy-policy\/","url":"https:\/\/windwaves.com\/en\/privacy-policy\/","name":"Privacy Policy - WindWaves","isPartOf":{"@id":"https:\/\/windwaves.com\/#website"},"datePublished":"2024-06-12T06:57:49+00:00","dateModified":"2024-10-04T07:38:43+00:00","breadcrumb":{"@id":"https:\/\/windwaves.com\/en\/privacy-policy\/#breadcrumb"},"inLanguage":"en-US","potentialAction":[{"@type":"ReadAction","target":["https:\/\/windwaves.com\/en\/privacy-policy\/"]}]},{"@type":"BreadcrumbList","@id":"https:\/\/windwaves.com\/en\/privacy-policy\/#breadcrumb","itemListElement":[{"@type":"ListItem","position":1,"name":"Portada","item":"https:\/\/windwaves.com\/"},{"@type":"ListItem","position":2,"name":"Privacy Policy"}]},{"@type":"WebSite","@id":"https:\/\/windwaves.com\/#website","url":"https:\/\/windwaves.com\/","name":"WindWaves","description":"L\u00edderes en la Fabricaci\u00f3n de Estructuras Fijas y Flotantes para la Energ\u00eda E\u00f3lica Marina","publisher":{"@id":"https:\/\/windwaves.com\/#organization"},"potentialAction":[{"@type":"SearchAction","target":{"@type":"EntryPoint","urlTemplate":"https:\/\/windwaves.com\/?s={search_term_string}"},"query-input":{"@type":"PropertyValueSpecification","valueRequired":true,"valueName":"search_term_string"}}],"inLanguage":"en-US"},{"@type":"Organization","@id":"https:\/\/windwaves.com\/#organization","name":"WindWves","alternateName":"WindWaves S.L.U","url":"https:\/\/windwaves.com\/","logo":{"@type":"ImageObject","inLanguage":"en-US","@id":"https:\/\/windwaves.com\/#\/schema\/logo\/image\/","url":"https:\/\/windwaves.com\/wp-content\/uploads\/2024\/06\/cropped-LOGO-WINDWAVES-VECTORIAL-2-2-2.png","contentUrl":"https:\/\/windwaves.com\/wp-content\/uploads\/2024\/06\/cropped-LOGO-WINDWAVES-VECTORIAL-2-2-2.png","width":512,"height":512,"caption":"WindWves"},"image":{"@id":"https:\/\/windwaves.com\/#\/schema\/logo\/image\/"},"sameAs":["https:\/\/www.linkedin.com\/company\/windwaves\/"]}]}},"_links":{"self":[{"href":"https:\/\/windwaves.com\/en\/wp-json\/wp\/v2\/pages\/18605","targetHints":{"allow":["GET"]}}],"collection":[{"href":"https:\/\/windwaves.com\/en\/wp-json\/wp\/v2\/pages"}],"about":[{"href":"https:\/\/windwaves.com\/en\/wp-json\/wp\/v2\/types\/page"}],"author":[{"embeddable":true,"href":"https:\/\/windwaves.com\/en\/wp-json\/wp\/v2\/users\/1"}],"replies":[{"embeddable":true,"href":"https:\/\/windwaves.com\/en\/wp-json\/wp\/v2\/comments?post=18605"}],"version-history":[{"count":8,"href":"https:\/\/windwaves.com\/en\/wp-json\/wp\/v2\/pages\/18605\/revisions"}],"predecessor-version":[{"id":19151,"href":"https:\/\/windwaves.com\/en\/wp-json\/wp\/v2\/pages\/18605\/revisions\/19151"}],"wp:attachment":[{"href":"https:\/\/windwaves.com\/en\/wp-json\/wp\/v2\/media?parent=18605"}],"curies":[{"name":"wp","href":"https:\/\/api.w.org\/{rel}","templated":true}]}}