{"id":18656,"date":"2024-06-19T11:55:30","date_gmt":"2024-06-19T09:55:30","guid":{"rendered":"https:\/\/windwaves.es\/politica-cookies\/"},"modified":"2024-06-19T12:11:19","modified_gmt":"2024-06-19T10:11:19","slug":"cookie-policy","status":"publish","type":"page","link":"https:\/\/windwaves.com\/en\/cookie-policy\/","title":{"rendered":"Cookie Policy"},"content":{"rendered":"\t\t<div data-elementor-type=\"wp-page\" data-elementor-id=\"18656\" class=\"elementor elementor-18656\" data-elementor-post-type=\"page\">\n\t\t\t\t\t\t<section class=\"elementor-section elementor-top-section elementor-element elementor-element-c766534 elementor-section-content-space-between wrapper-wide section-normal elementor-section-boxed elementor-section-height-default elementor-section-height-default default\" data-id=\"c766534\" data-element_type=\"section\" data-e-type=\"section\">\n\t\t\t\t\t\t<div class=\"elementor-container elementor-column-gap-default\">\n\t\t\t\t\t<div class=\"elementor-column elementor-col-100 elementor-top-column elementor-element elementor-element-7f95f7a\" data-id=\"7f95f7a\" data-element_type=\"column\" data-e-type=\"column\">\n\t\t\t<div class=\"elementor-widget-wrap elementor-element-populated\">\n\t\t\t\t\t\t<section class=\"elementor-section elementor-inner-section elementor-element elementor-element-17e5e9a wrapper-wide section-normal elementor-section-boxed elementor-section-height-default elementor-section-height-default default\" data-id=\"17e5e9a\" data-element_type=\"section\" data-e-type=\"section\">\n\t\t\t\t\t\t<div class=\"elementor-container elementor-column-gap-default\">\n\t\t\t\t\t<div class=\"has-anim maskUp elementor-column elementor-col-100 elementor-inner-column elementor-element elementor-element-54e59a2\" data-duration=\"2\" data-delay=\"0\" data-scrub=\"false\" data-pin=\"false\" data-out=\"false\" data-start=\"1.5\" data-origin=\"top center\" data-id=\"54e59a2\" data-element_type=\"column\" data-e-type=\"column\">\n\t\t\t<div class=\"elementor-widget-wrap\">\n\t\t\t\t\t\t\t<\/div>\n\t\t<\/div>\n\t\t\t\t\t<\/div>\n\t\t<\/section>\n\t\t\t\t\t<\/div>\n\t\t<\/div>\n\t\t\t\t\t<\/div>\n\t\t<\/section>\n\t\t\t\t<section class=\"anim-bg elementor-section elementor-top-section elementor-element elementor-element-6a50cf1 light hidden-stgo wrapper-wide section-normal elementor-section-boxed elementor-section-height-default elementor-section-height-default\" data-id=\"6a50cf1\" data-element_type=\"section\" data-e-type=\"section\" data-settings=\"{&quot;background_background&quot;:&quot;classic&quot;}\">\n\t\t\t\t\t\t<div class=\"elementor-container elementor-column-gap-default\">\n\t\t\t\t\t<div class=\"elementor-column elementor-col-100 elementor-top-column elementor-element elementor-element-5eb92ca\" data-id=\"5eb92ca\" data-element_type=\"column\" data-e-type=\"column\">\n\t\t\t<div class=\"elementor-widget-wrap elementor-element-populated\">\n\t\t\t\t\t\t<section class=\"elementor-section elementor-inner-section elementor-element elementor-element-4731588 wrapper-wide section-normal elementor-section-boxed elementor-section-height-default elementor-section-height-default default\" data-id=\"4731588\" data-element_type=\"section\" data-e-type=\"section\">\n\t\t\t\t\t\t<div class=\"elementor-container elementor-column-gap-default\">\n\t\t\t\t\t<div class=\"elementor-column elementor-col-25 elementor-inner-column elementor-element elementor-element-800cf0a\" data-id=\"800cf0a\" data-element_type=\"column\" data-e-type=\"column\">\n\t\t\t<div class=\"elementor-widget-wrap elementor-element-populated\">\n\t\t\t\t\t\t<div class=\"elementor-element elementor-element-5812461 elementor-widget elementor-widget-naylaheading\" data-id=\"5812461\" data-element_type=\"widget\" data-e-type=\"widget\" data-widget_type=\"naylaheading.default\">\n\t\t\t\t<div class=\"elementor-widget-container\">\n\t\t\t\t\t\n<div class=\"text-wrapper\">\n\n\n    <h4  class=\"left   \" data-stagger=\"0.1\" data-duration=\"1.5\"data-delay=\"0\"data-scrub=\"false\" data-pin=\"false\">\n        \n                \n        Extensive Military Program Experience<\/h4>\n\n\n<\/div>\n\n\n\t\t\t\t<\/div>\n\t\t\t\t<\/div>\n\t\t\t\t<div class=\"elementor-element elementor-element-bc35c43 elementor-widget elementor-widget-naylatextwrapper\" data-id=\"bc35c43\" data-element_type=\"widget\" data-e-type=\"widget\" data-widget_type=\"naylatextwrapper.default\">\n\t\t\t\t<div class=\"elementor-widget-container\">\n\t\t\t\t\t\n\n\n<div class=\"text-wrapper  \">\n\n    <p class=\"  text-p  false\" data-stagger=\"0.1\" data-duration=\"1.5\"data-delay=\"0\"data-scrub=\"false\" data-pin=\"false\"> Nervi\u00f3n Naval-Offshore has a proven record of contributing to major military initiatives, showcasing their expertise in the defense sector.<\/p>\n\n\n<\/div>\n\n\n\t\t\t\t<\/div>\n\t\t\t\t<\/div>\n\t\t\t\t\t<\/div>\n\t\t<\/div>\n\t\t\t\t<div class=\"elementor-column elementor-col-25 elementor-inner-column elementor-element elementor-element-be8ed8a\" data-id=\"be8ed8a\" data-element_type=\"column\" data-e-type=\"column\">\n\t\t\t<div class=\"elementor-widget-wrap elementor-element-populated\">\n\t\t\t\t\t\t<div class=\"elementor-element elementor-element-4a8ef12 elementor-widget elementor-widget-naylaheading\" data-id=\"4a8ef12\" data-element_type=\"widget\" data-e-type=\"widget\" data-widget_type=\"naylaheading.default\">\n\t\t\t\t<div class=\"elementor-widget-container\">\n\t\t\t\t\t\n<div class=\"text-wrapper\">\n\n\n    <h4  class=\"left   \" data-stagger=\"0.1\" data-duration=\"1.5\"data-delay=\"0\"data-scrub=\"false\" data-pin=\"false\">\n        \n                \n        Safety and Environmental Commitment<\/h4>\n\n\n<\/div>\n\n\n\t\t\t\t<\/div>\n\t\t\t\t<\/div>\n\t\t\t\t<div class=\"elementor-element elementor-element-8878f4f elementor-widget elementor-widget-naylatextwrapper\" data-id=\"8878f4f\" data-element_type=\"widget\" data-e-type=\"widget\" data-widget_type=\"naylatextwrapper.default\">\n\t\t\t\t<div class=\"elementor-widget-container\">\n\t\t\t\t\t\n\n\n<div class=\"text-wrapper  \">\n\n    <p class=\"  text-p  false\" data-stagger=\"0.1\" data-duration=\"1.5\"data-delay=\"0\"data-scrub=\"false\" data-pin=\"false\"> we place a strong emphasis on health, safety, and environmental standards, ensuring the well-being of their workforce and compliance with regulations.<\/p>\n\n\n<\/div>\n\n\n\t\t\t\t<\/div>\n\t\t\t\t<\/div>\n\t\t\t\t\t<\/div>\n\t\t<\/div>\n\t\t\t\t<div class=\"elementor-column elementor-col-25 elementor-inner-column elementor-element elementor-element-f5432d8\" data-id=\"f5432d8\" data-element_type=\"column\" data-e-type=\"column\">\n\t\t\t<div class=\"elementor-widget-wrap elementor-element-populated\">\n\t\t\t\t\t\t<div class=\"elementor-element elementor-element-e714fb0 elementor-widget elementor-widget-naylaheading\" data-id=\"e714fb0\" data-element_type=\"widget\" data-e-type=\"widget\" data-widget_type=\"naylaheading.default\">\n\t\t\t\t<div class=\"elementor-widget-container\">\n\t\t\t\t\t\n<div class=\"text-wrapper\">\n\n\n    <h4  class=\"left   \" data-stagger=\"0.1\" data-duration=\"1.5\"data-delay=\"0\"data-scrub=\"false\" data-pin=\"false\">\n        \n                \n        Efficient Project Management<\/h4>\n\n\n<\/div>\n\n\n\t\t\t\t<\/div>\n\t\t\t\t<\/div>\n\t\t\t\t<div class=\"elementor-element elementor-element-2e346d9 elementor-widget elementor-widget-naylatextwrapper\" data-id=\"2e346d9\" data-element_type=\"widget\" data-e-type=\"widget\" data-widget_type=\"naylatextwrapper.default\">\n\t\t\t\t<div class=\"elementor-widget-container\">\n\t\t\t\t\t\n\n\n<div class=\"text-wrapper  \">\n\n    <p class=\"  text-p  false\" data-stagger=\"0.1\" data-duration=\"1.5\"data-delay=\"0\"data-scrub=\"false\" data-pin=\"false\"> Efficient project management, delivering projects on time and within budget, earning a reputation for reliability in the maritime industry.<\/p>\n\n\n<\/div>\n\n\n\t\t\t\t<\/div>\n\t\t\t\t<\/div>\n\t\t\t\t\t<\/div>\n\t\t<\/div>\n\t\t\t\t<div class=\"elementor-column elementor-col-25 elementor-inner-column elementor-element elementor-element-c1c5b68\" data-id=\"c1c5b68\" data-element_type=\"column\" data-e-type=\"column\">\n\t\t\t<div class=\"elementor-widget-wrap elementor-element-populated\">\n\t\t\t\t\t\t<div class=\"elementor-element elementor-element-b18539a elementor-widget elementor-widget-naylaheading\" data-id=\"b18539a\" data-element_type=\"widget\" data-e-type=\"widget\" data-widget_type=\"naylaheading.default\">\n\t\t\t\t<div class=\"elementor-widget-container\">\n\t\t\t\t\t\n<div class=\"text-wrapper\">\n\n\n    <h4  class=\"left   \" data-stagger=\"0.1\" data-duration=\"1.5\"data-delay=\"0\"data-scrub=\"false\" data-pin=\"false\">\n        \n                \n        Efficient Project Management<\/h4>\n\n\n<\/div>\n\n\n\t\t\t\t<\/div>\n\t\t\t\t<\/div>\n\t\t\t\t<div class=\"elementor-element elementor-element-44d9bf5 elementor-widget elementor-widget-naylatextwrapper\" data-id=\"44d9bf5\" data-element_type=\"widget\" data-e-type=\"widget\" data-widget_type=\"naylatextwrapper.default\">\n\t\t\t\t<div class=\"elementor-widget-container\">\n\t\t\t\t\t\n\n\n<div class=\"text-wrapper  \">\n\n    <p class=\"  text-p  false\" data-stagger=\"0.1\" data-duration=\"1.5\"data-delay=\"0\"data-scrub=\"false\" data-pin=\"false\"> Efficient project management, delivering projects on time and within budget, earning a reputation for reliability in the maritime industry.<\/p>\n\n\n<\/div>\n\n\n\t\t\t\t<\/div>\n\t\t\t\t<\/div>\n\t\t\t\t\t<\/div>\n\t\t<\/div>\n\t\t\t\t\t<\/div>\n\t\t<\/section>\n\t\t\t\t\t<\/div>\n\t\t<\/div>\n\t\t\t\t\t<\/div>\n\t\t<\/section>\n\t\t<div class=\"elementor-element elementor-element-7b7b205 e-flex e-con-boxed e-con e-parent\" data-id=\"7b7b205\" data-element_type=\"container\" data-e-type=\"container\">\n\t\t\t\t\t<div class=\"e-con-inner\">\n\t\t\t\t<div class=\"elementor-element elementor-element-66721f2 elementor-widget elementor-widget-html\" data-id=\"66721f2\" data-element_type=\"widget\" data-e-type=\"widget\" data-widget_type=\"html.default\">\n\t\t\t\t<div class=\"elementor-widget-container\">\n\t\t\t\t\t<style>\r\n    a.cky-banner-element {\r\n        padding: 8px 30px;\r\n        background: #F8F9FA;\r\n        color: #858A8F;\r\n        border: 1px solid #DEE2E6;\r\n        box-sizing: border-box;\r\n        border-radius: 2px;\r\n        cursor: pointer;\r\n}\r\n<\/style>\r\n<h1 class=\"cookie-policy-h1\">Cookie Policy<\/h1>\r\n<p>\r\n    Effective Date: 19-Jun-2024 <br>\r\n    Last Updated: 19-Jun-2024\r\n<\/p>\r\n\r\n&nbsp;\r\n<h5>What are cookies?<\/h5>\r\n<div class=\"cookie-policy-p\"><p>This Cookie Policy explains what cookies are and how we use them, the types of cookies we use i.e, the information we collect using cookies and how that information is used, and how to manage the cookie settings.<\/p> <p>Cookies are small text files that are used to store small pieces of information. They are stored on your device when the website is loaded on your browser. These cookies help us make the website function properly, make it more secure, provide better user experience, and understand how the website performs and to analyze what works and where it needs improvement.<\/p><\/div>\r\n\r\n&nbsp;\r\n<h5>How do we use cookies?<\/h5>\r\n<div class=\"cookie-policy-p\"><p>As most of the online services, our website uses first-party and third-party cookies for several purposes. First-party cookies are mostly necessary for the website to function the right way, and they do not collect any of your personally identifiable data.<\/p> <p>The third-party cookies used on our website are mainly for understanding how the website performs, how you interact with our website, keeping our services secure, providing advertisements that are relevant to you, and all in all providing you with a better and improved user experience and help speed up your future interactions with our website.<\/p><\/div>\r\n\r\n&nbsp;\r\n    <h5>Types of Cookies we use<\/h5>\r\n\r\n    <div class=\"cky-audit-table-element\"><\/div>\r\n\r\n&nbsp;\r\n    <h5 style=\"margin-bottom:20px;\">Manage cookie preferences<\/h5>\r\n\r\n    <a class=\"cky-banner-element\">Cookie Settings<\/a> <br\/>\r\n\r\n    <div><p>You can change your cookie preferences any time by clicking the above button. This will let you revisit the cookie consent banner and change your preferences or withdraw your consent right away. <\/p> <p>In addition to this, different browsers provide different methods to block and delete cookies used by websites. You can change the settings of your browser to block\/delete the cookies. Listed below are the links to the support documents on how to manage and delete cookies from the major web browsers.<\/p> <p>Chrome: <a href=\"https:\/\/support.google.com\/accounts\/answer\/32050\" target=\"_blank\">https:\/\/support.google.com\/accounts\/answer\/32050<\/a><\/p><p>Safari: <a href=\"https:\/\/support.apple.com\/en-in\/guide\/safari\/sfri11471\/mac\" target=\"_blank\">https:\/\/support.apple.com\/en-in\/guide\/safari\/sfri11471\/mac<\/a><\/p><p>Firefox: <a href=\"https:\/\/support.mozilla.org\/en-US\/kb\/clear-cookies-and-site-data-firefox?redirectslug=delete-cookies-remove-info-websites-stored&redirectlocale=en-US\" target=\"_blank\">https:\/\/support.mozilla.org\/en-US\/kb\/clear-cookies-and-site-data-firefox?redirectslug=delete-cookies-remove-info-websites-stored&redirectlocale=en-US<\/a><\/p><p>Internet Explorer: <a href=\"https:\/\/support.microsoft.com\/en-us\/topic\/how-to-delete-cookie-files-in-internet-explorer-bca9446f-d873-78de-77ba-d42645fa52fc\" target=\"_blank\">https:\/\/support.microsoft.com\/en-us\/topic\/how-to-delete-cookie-files-in-internet-explorer-bca9446f-d873-78de-77ba-d42645fa52fc<\/a><\/p><p>If you are using any other web browser, please visit your browser\u2019s official support documents.<\/p><\/div>\r\n\r\n\r\n&nbsp;\r\n\r\n<\/p>\t\t\t\t<\/div>\n\t\t\t\t<\/div>\n\t\t\t\t\t<\/div>\n\t\t\t\t<\/div>\n\t\t\t\t<\/div>\n\t\t","protected":false},"excerpt":{"rendered":"<p>Extensive Military Program Experience Nervi\u00f3n Naval-Offshore has a proven record of contributing to major military initiatives, showcasing their expertise in the defense sector. Safety and Environmental Commitment we place a [&hellip;]<\/p>\n","protected":false},"author":1,"featured_media":0,"parent":0,"menu_order":0,"comment_status":"closed","ping_status":"closed","template":"","meta":{"_acf_changed":false,"_monsterinsights_skip_tracking":false,"_monsterinsights_sitenote_active":false,"_monsterinsights_sitenote_note":"","_monsterinsights_sitenote_category":0,"footnotes":""},"class_list":["post-18656","page","type-page","status-publish","hentry"],"acf":[],"yoast_head":"<!-- This site is optimized with the Yoast SEO plugin v27.4 - https:\/\/yoast.com\/product\/yoast-seo-wordpress\/ -->\n<title>Cookie Policy - WindWaves<\/title>\n<meta name=\"robots\" content=\"index, follow, max-snippet:-1, max-image-preview:large, max-video-preview:-1\" \/>\n<link rel=\"canonical\" href=\"https:\/\/windwaves.com\/politica-cookies\/\" \/>\n<meta property=\"og:locale\" content=\"en_US\" \/>\n<meta property=\"og:type\" content=\"article\" \/>\n<meta property=\"og:title\" content=\"Cookie Policy - WindWaves\" \/>\n<meta property=\"og:description\" content=\"Extensive Military Program Experience Nervi\u00f3n Naval-Offshore has a proven record of contributing to major military initiatives, showcasing their expertise in the defense sector. Safety and Environmental Commitment we place a [&hellip;]\" \/>\n<meta property=\"og:url\" content=\"https:\/\/windwaves.com\/politica-cookies\/\" \/>\n<meta property=\"og:site_name\" content=\"WindWaves\" \/>\n<meta property=\"article:modified_time\" content=\"2024-06-19T10:11:19+00:00\" \/>\n<meta name=\"twitter:card\" content=\"summary_large_image\" \/>\n<meta name=\"twitter:label1\" content=\"Est. reading time\" \/>\n\t<meta name=\"twitter:data1\" content=\"2 minutes\" \/>\n<script type=\"application\/ld+json\" class=\"yoast-schema-graph\">{\"@context\":\"https:\\\/\\\/schema.org\",\"@graph\":[{\"@type\":\"WebPage\",\"@id\":\"https:\\\/\\\/windwaves.com\\\/politica-cookies\\\/\",\"url\":\"https:\\\/\\\/windwaves.com\\\/politica-cookies\\\/\",\"name\":\"Cookie Policy - WindWaves\",\"isPartOf\":{\"@id\":\"https:\\\/\\\/windwaves.com\\\/#website\"},\"datePublished\":\"2024-06-19T09:55:30+00:00\",\"dateModified\":\"2024-06-19T10:11:19+00:00\",\"breadcrumb\":{\"@id\":\"https:\\\/\\\/windwaves.com\\\/politica-cookies\\\/#breadcrumb\"},\"inLanguage\":\"en-US\",\"potentialAction\":[{\"@type\":\"ReadAction\",\"target\":[\"https:\\\/\\\/windwaves.com\\\/politica-cookies\\\/\"]}]},{\"@type\":\"BreadcrumbList\",\"@id\":\"https:\\\/\\\/windwaves.com\\\/politica-cookies\\\/#breadcrumb\",\"itemListElement\":[{\"@type\":\"ListItem\",\"position\":1,\"name\":\"Portada\",\"item\":\"https:\\\/\\\/windwaves.com\\\/\"},{\"@type\":\"ListItem\",\"position\":2,\"name\":\"Cookie Policy\"}]},{\"@type\":\"WebSite\",\"@id\":\"https:\\\/\\\/windwaves.com\\\/#website\",\"url\":\"https:\\\/\\\/windwaves.com\\\/\",\"name\":\"WindWaves\",\"description\":\"L\u00edderes en la Fabricaci\u00f3n de Estructuras Fijas y Flotantes para la Energ\u00eda E\u00f3lica Marina\",\"publisher\":{\"@id\":\"https:\\\/\\\/windwaves.com\\\/#organization\"},\"potentialAction\":[{\"@type\":\"SearchAction\",\"target\":{\"@type\":\"EntryPoint\",\"urlTemplate\":\"https:\\\/\\\/windwaves.com\\\/?s={search_term_string}\"},\"query-input\":{\"@type\":\"PropertyValueSpecification\",\"valueRequired\":true,\"valueName\":\"search_term_string\"}}],\"inLanguage\":\"en-US\"},{\"@type\":\"Organization\",\"@id\":\"https:\\\/\\\/windwaves.com\\\/#organization\",\"name\":\"WindWves\",\"alternateName\":\"WindWaves S.L.U\",\"url\":\"https:\\\/\\\/windwaves.com\\\/\",\"logo\":{\"@type\":\"ImageObject\",\"inLanguage\":\"en-US\",\"@id\":\"https:\\\/\\\/windwaves.com\\\/#\\\/schema\\\/logo\\\/image\\\/\",\"url\":\"https:\\\/\\\/windwaves.com\\\/wp-content\\\/uploads\\\/2024\\\/06\\\/cropped-LOGO-WINDWAVES-VECTORIAL-2-2-2.png\",\"contentUrl\":\"https:\\\/\\\/windwaves.com\\\/wp-content\\\/uploads\\\/2024\\\/06\\\/cropped-LOGO-WINDWAVES-VECTORIAL-2-2-2.png\",\"width\":512,\"height\":512,\"caption\":\"WindWves\"},\"image\":{\"@id\":\"https:\\\/\\\/windwaves.com\\\/#\\\/schema\\\/logo\\\/image\\\/\"},\"sameAs\":[\"https:\\\/\\\/www.linkedin.com\\\/company\\\/windwaves\\\/\"]}]}<\/script>\n<!-- \/ Yoast SEO plugin. -->","yoast_head_json":{"title":"Cookie Policy - WindWaves","robots":{"index":"index","follow":"follow","max-snippet":"max-snippet:-1","max-image-preview":"max-image-preview:large","max-video-preview":"max-video-preview:-1"},"canonical":"https:\/\/windwaves.com\/politica-cookies\/","og_locale":"en_US","og_type":"article","og_title":"Cookie Policy - WindWaves","og_description":"Extensive Military Program Experience Nervi\u00f3n Naval-Offshore has a proven record of contributing to major military initiatives, showcasing their expertise in the defense sector. Safety and Environmental Commitment we place a [&hellip;]","og_url":"https:\/\/windwaves.com\/politica-cookies\/","og_site_name":"WindWaves","article_modified_time":"2024-06-19T10:11:19+00:00","twitter_card":"summary_large_image","twitter_misc":{"Est. reading time":"2 minutes"},"schema":{"@context":"https:\/\/schema.org","@graph":[{"@type":"WebPage","@id":"https:\/\/windwaves.com\/politica-cookies\/","url":"https:\/\/windwaves.com\/politica-cookies\/","name":"Cookie Policy - WindWaves","isPartOf":{"@id":"https:\/\/windwaves.com\/#website"},"datePublished":"2024-06-19T09:55:30+00:00","dateModified":"2024-06-19T10:11:19+00:00","breadcrumb":{"@id":"https:\/\/windwaves.com\/politica-cookies\/#breadcrumb"},"inLanguage":"en-US","potentialAction":[{"@type":"ReadAction","target":["https:\/\/windwaves.com\/politica-cookies\/"]}]},{"@type":"BreadcrumbList","@id":"https:\/\/windwaves.com\/politica-cookies\/#breadcrumb","itemListElement":[{"@type":"ListItem","position":1,"name":"Portada","item":"https:\/\/windwaves.com\/"},{"@type":"ListItem","position":2,"name":"Cookie Policy"}]},{"@type":"WebSite","@id":"https:\/\/windwaves.com\/#website","url":"https:\/\/windwaves.com\/","name":"WindWaves","description":"L\u00edderes en la Fabricaci\u00f3n de Estructuras Fijas y Flotantes para la Energ\u00eda E\u00f3lica Marina","publisher":{"@id":"https:\/\/windwaves.com\/#organization"},"potentialAction":[{"@type":"SearchAction","target":{"@type":"EntryPoint","urlTemplate":"https:\/\/windwaves.com\/?s={search_term_string}"},"query-input":{"@type":"PropertyValueSpecification","valueRequired":true,"valueName":"search_term_string"}}],"inLanguage":"en-US"},{"@type":"Organization","@id":"https:\/\/windwaves.com\/#organization","name":"WindWves","alternateName":"WindWaves S.L.U","url":"https:\/\/windwaves.com\/","logo":{"@type":"ImageObject","inLanguage":"en-US","@id":"https:\/\/windwaves.com\/#\/schema\/logo\/image\/","url":"https:\/\/windwaves.com\/wp-content\/uploads\/2024\/06\/cropped-LOGO-WINDWAVES-VECTORIAL-2-2-2.png","contentUrl":"https:\/\/windwaves.com\/wp-content\/uploads\/2024\/06\/cropped-LOGO-WINDWAVES-VECTORIAL-2-2-2.png","width":512,"height":512,"caption":"WindWves"},"image":{"@id":"https:\/\/windwaves.com\/#\/schema\/logo\/image\/"},"sameAs":["https:\/\/www.linkedin.com\/company\/windwaves\/"]}]}},"_links":{"self":[{"href":"https:\/\/windwaves.com\/en\/wp-json\/wp\/v2\/pages\/18656","targetHints":{"allow":["GET"]}}],"collection":[{"href":"https:\/\/windwaves.com\/en\/wp-json\/wp\/v2\/pages"}],"about":[{"href":"https:\/\/windwaves.com\/en\/wp-json\/wp\/v2\/types\/page"}],"author":[{"embeddable":true,"href":"https:\/\/windwaves.com\/en\/wp-json\/wp\/v2\/users\/1"}],"replies":[{"embeddable":true,"href":"https:\/\/windwaves.com\/en\/wp-json\/wp\/v2\/comments?post=18656"}],"version-history":[{"count":12,"href":"https:\/\/windwaves.com\/en\/wp-json\/wp\/v2\/pages\/18656\/revisions"}],"predecessor-version":[{"id":18673,"href":"https:\/\/windwaves.com\/en\/wp-json\/wp\/v2\/pages\/18656\/revisions\/18673"}],"wp:attachment":[{"href":"https:\/\/windwaves.com\/en\/wp-json\/wp\/v2\/media?parent=18656"}],"curies":[{"name":"wp","href":"https:\/\/api.w.org\/{rel}","templated":true}]}}